{"id":484,"date":"2022-07-19T13:26:04","date_gmt":"2022-07-19T11:26:04","guid":{"rendered":"http:\/\/sc-france.fr\/nos-activites\/"},"modified":"2023-10-26T09:46:43","modified_gmt":"2023-10-26T07:46:43","slug":"taetigkeitsfelder","status":"publish","type":"page","link":"https:\/\/sc-france.fr\/de\/taetigkeitsfelder\/","title":{"rendered":"T\u00e4tigkeitsfelder"},"content":{"rendered":"<p>[vc_section full_width=&#8220;stretch_row&#8220; el_id=&#8220;intro&#8220; css=&#8220;.vc_custom_1658499156480{background-image: url(\/wp-content\/uploads\/2022\/07\/Group-614.png?id=481) !important;}&#8220;][vc_row][vc_column width=&#8220;1\/2&#8243;][vc_column_text]<\/p>\n<h1 class=\"upper\">T\u00e4tigkeitsfelder<\/h1>\n<p>[\/vc_column_text][\/vc_column][vc_column width=&#8220;1\/2&#8243;][\/vc_column][\/vc_row][vc_row full_width=&#8220;stretch_row_content_no_spaces&#8220; disable_element=&#8220;yes&#8220; el_class=&#8220;skew-bot-row skew-bot-row-dark&#8220;][vc_column][\/vc_column][\/vc_row][\/vc_section][vc_section el_id=&#8220;activity-sec&#8220; css=&#8220;.vc_custom_1652790355704{padding-top: 0px !important;}&#8220; el_class=&#8220;top-mar-4&#8243;][vc_row full_width=&#8220;stretch_row_content_no_spaces&#8220; disable_element=&#8220;yes&#8220; el_class=&#8220;skew-bot-row skew-top-row-dark&#8220;][vc_column][\/vc_column][\/vc_row][vc_row equal_height=&#8220;yes&#8220; disable_element=&#8220;yes&#8220; el_class=&#8220;activity-grid-row top-mar-4&#8243;][vc_column width=&#8220;1\/3&#8243;][vc_single_image image=&#8220;122&#8243; img_size=&#8220;full&#8220; alignment=&#8220;center&#8220; onclick=&#8220;custom_link&#8220; link=&#8220;\/de\/taetigkeitsfelder\/stadt-und-raumplanung\/&#8220;][vc_column_text el_class=&#8220;activity-overlay activity-overlay-0 activity-overlay-white&#8220;]<a class=\"activity-overlay-link\" href=\"\/de\/taetigkeitsfelder\/stadt-und-raumplanung\/\"><span class=\"activity-overlay-inner-text\">Wir f\u00fchren Stadt- und Landschaftsplanungen durch, die auf einem wirtschaftlichen und \u00f6kologischen Ansatz beruhen.<\/span><\/a>[\/vc_column_text][vc_column_text el_class=&#8220;activity-grid-title upper&#8220;]<\/p>\n<h4><a href=\"\/de\/taetigkeitsfelder\/stadt-und-raumplanung\/\">Stadt- und Raumplanung<\/a><\/h4>\n<p>[\/vc_column_text][vc_column_text el_class=&#8220;activity-overlay-mob&#8220;]<a href=\"\/de\/taetigkeitsfelder\/stadt-und-raumplanung\/\"><span class=\"activity-overlay-inner-text\">Wir f\u00fchren Stadt- und Landschaftsplanungen durch, die auf einem wirtschaftlichen und \u00f6kologischen Ansatz beruhen.<\/span><\/a>[\/vc_column_text][\/vc_column][vc_column width=&#8220;1\/3&#8243;][\/vc_column][vc_column width=&#8220;1\/3&#8243;][\/vc_column][\/vc_row][vc_row equal_height=&#8220;yes&#8220; el_class=&#8220;activity-grid-row top-mar-4&#8243;][vc_column width=&#8220;1\/3&#8243;][vc_single_image image=&#8220;130&#8243; img_size=&#8220;full&#8220; alignment=&#8220;center&#8220; onclick=&#8220;custom_link&#8220; link=&#8220;\/de\/taetigkeitsfelder\/unterstuetzung-der-bauherrenschaft\/&#8220;][vc_column_text el_class=&#8220;activity-overlay activity-overlay-1 activity-overlay-black&#8220;]<a class=\"activity-overlay-link\" href=\"\/de\/taetigkeitsfelder\/unterstuetzung-der-bauherrenschaft\/\"><span class=\"activity-overlay-inner-text\">Aufgrund von Arbeits\u00fcberlastung oder einfach nur, weil sie sich auf ihre urspr\u00fcngliche Arbeit konzentrieren m\u00f6chten, ben\u00f6tigen einige unserer Kunden in einer bestimmten Phase oder w\u00e4hrend der gesamten Dauer eines Projekts Unterst\u00fctzung&#8230;<\/span><\/a>[\/vc_column_text][vc_column_text el_class=&#8220;activity-grid-title upper&#8220;]<\/p>\n<h4><a href=\"\/de\/taetigkeitsfelder\/unterstuetzung-der-bauherrenschaft\/\">Unterst\u00fctzung der Bauherrenschaft<\/a><\/h4>\n<p>[\/vc_column_text][vc_column_text el_class=&#8220;activity-overlay-mob&#8220;]<a href=\"\/de\/taetigkeitsfelder\/unterstuetzung-der-bauherrenschaft\/\"><span class=\"activity-overlay-inner-text\">Aufgrund von Arbeits\u00fcberlastung oder einfach nur, weil sie sich auf ihre urspr\u00fcngliche Arbeit konzentrieren m\u00f6chten, ben\u00f6tigen einige unserer Kunden in einer bestimmten Phase oder w\u00e4hrend der gesamten Dauer eines Projekts Unterst\u00fctzung&#8230;<\/span><\/a>[\/vc_column_text][\/vc_column][vc_column width=&#8220;1\/3&#8243;][vc_single_image image=&#8220;146&#8243; img_size=&#8220;full&#8220; alignment=&#8220;center&#8220; onclick=&#8220;custom_link&#8220; link=&#8220;\/de\/taetigkeitsfelder\/technische-expertise\/&#8220;][vc_column_text el_class=&#8220;activity-overlay activity-overlay-2 activity-overlay-white&#8220;]<a class=\"activity-overlay-link\" href=\"\/de\/taetigkeitsfelder\/technische-expertise\/\"><span class=\"activity-overlay-inner-text\">Wir bieten unsere technische Expertise f\u00fcr Kunden an, die technische Unterst\u00fctzung bei der Entscheidungsfindung ben\u00f6tigen, bevor sie mit Bauma\u00dfnahmen beginnen oder eine Immobilie kaufen.<\/span><\/a>[\/vc_column_text][vc_column_text el_class=&#8220;activity-grid-title upper&#8220;]<\/p>\n<h4><a href=\"\/de\/taetigkeitsfelder\/technische-expertise\/\">Technische Expertise<\/a><\/h4>\n<p>[\/vc_column_text][vc_column_text el_class=&#8220;activity-overlay-mob&#8220;]<a href=\"\/de\/taetigkeitsfelder\/technische-expertise\/\"><span class=\"activity-overlay-inner-text\">Wir bieten unsere technische Expertise f\u00fcr Kunden an, die technische Unterst\u00fctzung bei der Entscheidungsfindung ben\u00f6tigen, bevor sie mit Bauma\u00dfnahmen beginnen oder eine Immobilie kaufen.<\/span><\/a>[\/vc_column_text][\/vc_column][vc_column width=&#8220;1\/3&#8243;][vc_single_image image=&#8220;162&#8243; img_size=&#8220;full&#8220; alignment=&#8220;center&#8220; onclick=&#8220;custom_link&#8220; link=&#8220;\/de\/taetigkeitsfelder\/technische-gebaeudeausruestung\/&#8220;][vc_column_text el_class=&#8220;activity-overlay activity-overlay-3 activity-overlay-black&#8220;]<a class=\"activity-overlay-link\" href=\"\/de\/taetigkeitsfelder\/technische-gebaeudeausruestung\/\"><span class=\"activity-overlay-inner-text\">Je nach Wunsch unserer Kunden (\u00f6ffentliche oder private Bauherren, Architekten) \u00fcbernehmen wir den Auftrag der Technischen Geb\u00e4udeausr\u00fcstungin der Planungs- und\/oder Ausf\u00fchrungsphase<\/span><\/a>[\/vc_column_text][vc_column_text el_class=&#8220;activity-grid-title upper&#8220;]<\/p>\n<h4><a href=\"\/de\/taetigkeitsfelder\/technische-gebaeudeausruestung\/\">Technische Geb\u00e4udeausr\u00fcstung<\/a><\/h4>\n<p>[\/vc_column_text][vc_column_text el_class=&#8220;activity-overlay-mob&#8220;]<a href=\"\/de\/taetigkeitsfelder\/technische-gebaeudeausruestung\/\"><span class=\"activity-overlay-inner-text\">Je nach Wunsch unserer Kunden (\u00f6ffentliche oder private Bauherren, Architekten) \u00fcbernehmen wir den Auftrag der Technischen Geb\u00e4udeausr\u00fcstungin der Planungs- und\/oder Ausf\u00fchrungsphase<\/span><\/a>[\/vc_column_text][\/vc_column][\/vc_row][vc_row equal_height=&#8220;yes&#8220; el_class=&#8220;activity-grid-row top-mar-4&#8243;][vc_column width=&#8220;1\/3&#8243;][vc_single_image image=&#8220;168&#8243; img_size=&#8220;full&#8220; alignment=&#8220;center&#8220; onclick=&#8220;custom_link&#8220; link=&#8220;\/de\/taetigkeitsfelder\/infrastrukturplanung\/&#8220;][vc_column_text el_class=&#8220;activity-overlay activity-overlay-4 activity-overlay-white&#8220;]<a class=\"activity-overlay-link\" href=\"\/de\/taetigkeitsfelder\/infrastrukturplanung\/\"><span class=\"activity-overlay-inner-text\">Je nach Wunsch unserer Kunden erstellen wir Studien zur Infrastruktuplanung in der Planungs- und\/oder Ausf\u00fchrungsphase, wobei wir einen wirtschaftlichen und \u00f6kologischen Ansatz verfolgen.<\/span><\/a>[\/vc_column_text][vc_column_text el_class=&#8220;activity-grid-title upper&#8220;]<\/p>\n<h4><a href=\"\/de\/taetigkeitsfelder\/infrastrukturplanung\/\">Infrastrukturplanung<\/a><\/h4>\n<p>[\/vc_column_text][vc_column_text el_class=&#8220;activity-overlay-mob&#8220;]<a href=\"\/de\/taetigkeitsfelder\/infrastrukturplanung\/\"><span class=\"activity-overlay-inner-text\">Je nach Wunsch unserer Kunden erstellen wir Studien zur Infrastrukturplanung in der Planungs- und\/oder Ausf\u00fchrungsphase, wobei wir einen wirtschaftlichen und \u00f6kologischen Ansatz verfolgen.<\/span><\/a>[\/vc_column_text][\/vc_column][vc_column width=&#8220;1\/3&#8243;][vc_single_image image=&#8220;210&#8243; img_size=&#8220;full&#8220; alignment=&#8220;center&#8220; onclick=&#8220;custom_link&#8220; link=&#8220;\/de\/taetigkeitsfelder\/konstruktiver-ingenieurbau-tragwerksplanung\/&#8220;][vc_column_text el_class=&#8220;activity-overlay activity-overlay-5 activity-overlay-white&#8220;]<a class=\"activity-overlay-link\" href=\"\/de\/taetigkeitsfelder\/konstruktiver-ingenieurbau-tragwerksplanung\/\"><span class=\"activity-overlay-inner-text\">Entdecken Sie unsere Leistungen im Bereich des konstruktiven Ingenieurbaus f\u00fcr Geb\u00e4ude, Ingenieurbauwerke, Umbauma\u00dfnahmen, Industriegeb\u00e4ude, Geb\u00e4ude aus Stahlbeton, Stahltragwerke oder Holzkonstruktionen usw.<\/span><\/a>[\/vc_column_text][vc_column_text el_class=&#8220;activity-grid-title upper&#8220;]<\/p>\n<h4><a href=\"\/de\/taetigkeitsfelder\/konstruktiver-ingenieurbau-tragwerksplanung\/\">Konstruktiver Ingenieurbau, Tragwerksplanung<\/a><\/h4>\n<p>[\/vc_column_text][vc_column_text el_class=&#8220;activity-overlay-mob&#8220;]<a href=\"\/de\/taetigkeitsfelder\/konstruktiver-ingenieurbau-tragwerksplanung\/\"><span class=\"activity-overlay-inner-text\">Entdecken Sie unsere Leistungen im Bereich des konstruktiven Ingenieurbaus f\u00fcr Geb\u00e4ude, Ingenieurbauwerke, Umbauma\u00dfnahmen, Industriegeb\u00e4ude, Geb\u00e4ude aus Stahlbeton, Stahltragwerke oder Holzkonstruktionen usw.<\/span><\/a>[\/vc_column_text][\/vc_column][vc_column width=&#8220;1\/3&#8243;][vc_single_image image=&#8220;241&#8243; img_size=&#8220;full&#8220; alignment=&#8220;center&#8220; onclick=&#8220;custom_link&#8220; link=&#8220;\/de\/taetigkeitsfelder\/opc-planung-steuerung-und-koordination-der-baustelle\/&#8220;][vc_column_text el_class=&#8220;activity-overlay activity-overlay-6 activity-overlay-white&#8220;]<a class=\"activity-overlay-link\" href=\"\/de\/taetigkeitsfelder\/opc-planung-steuerung-und-koordination-der-baustelle\/\"><span class=\"activity-overlay-inner-text\">Wir \u00fcbernehmen das Zeitmanagement von der Entwurfs- und Ausf\u00fchrungsplanung bis zum Abschluss der Arbeiten.<\/span><\/a>[\/vc_column_text][vc_column_text el_class=&#8220;activity-grid-title upper&#8220;]<\/p>\n<h4><a href=\"\/de\/taetigkeitsfelder\/opc-planung-steuerung-und-koordination-der-baustelle\/\">OPC &#8211; Planung, Steuerung und Koordination der Baustelle<\/a><\/h4>\n<p>[\/vc_column_text][vc_column_text el_class=&#8220;activity-overlay-mob&#8220;]<a href=\"\/de\/taetigkeitsfelder\/opc-planung-steuerung-und-koordination-der-baustelle\/\"><span class=\"activity-overlay-inner-text\">Wir \u00fcbernehmen das Zeitmanagement von der Entwurfs- und Ausf\u00fchrungsplanung bis zum Abschluss der Arbeiten.<\/span><\/a>[\/vc_column_text][\/vc_column][\/vc_row][vc_row equal_height=&#8220;yes&#8220; el_class=&#8220;activity-grid-row top-mar-4&#8243;][vc_column width=&#8220;1\/3&#8243;][vc_single_image image=&#8220;268&#8243; img_size=&#8220;full&#8220; alignment=&#8220;center&#8220; onclick=&#8220;custom_link&#8220; link=&#8220;\/de\/taetigkeitsfelder\/technische-leitung\/&#8220;][vc_column_text el_class=&#8220;activity-overlay activity-overlay-7 activity-overlay-black&#8220;]<a class=\"activity-overlay-link\" href=\"\/de\/taetigkeitsfelder\/technische-leitung\/\"><span class=\"activity-overlay-inner-text\">In Erg\u00e4nzung zum Architekten \u00fcbernehmen wir alle Aufgaben der technischen Gesamt- oder Teilprojektleitung nach den W\u00fcnschen des Kunden f\u00fcr alle Arten von Projekten.<\/span><\/a>[\/vc_column_text][vc_column_text el_class=&#8220;activity-grid-title upper&#8220;]<\/p>\n<h4><a href=\"\/de\/taetigkeitsfelder\/technische-leitung\/\">Technische Leitung<\/a><\/h4>\n<p>[\/vc_column_text][vc_column_text el_class=&#8220;activity-overlay-mob&#8220;]<a href=\"\/de\/taetigkeitsfelder\/technische-leitung\/\"><span class=\"activity-overlay-inner-text\">In Erg\u00e4nzung zum Architekten \u00fcbernehmen wir alle Aufgaben der technischen Gesamt- oder Teilprojektleitung nach den W\u00fcnschen des Kunden f\u00fcr alle Arten von Projekten.<\/span><\/a>[\/vc_column_text][\/vc_column][vc_column width=&#8220;1\/3&#8243;][\/vc_column][\/vc_row][\/vc_section]<\/p>\n","protected":false},"excerpt":{"rendered":"<p>[vc_section full_width=&#8220;stretch_row&#8220; el_id=&#8220;intro&#8220; css=&#8220;.vc_custom_1658499156480{background-image: url(\/wp-content\/uploads\/2022\/07\/Group-614.png?id=481) !important;}&#8220;][vc_row][vc_column width=&#8220;1\/2&#8243;][vc_column_text] T\u00e4tigkeitsfelder [\/vc_column_text][\/vc_column][vc_column width=&#8220;1\/2&#8243;][\/vc_column][\/vc_row][vc_row full_width=&#8220;stretch_row_content_no_spaces&#8220; disable_element=&#8220;yes&#8220; el_class=&#8220;skew-bot-row skew-bot-row-dark&#8220;][vc_column][\/vc_column][\/vc_row][\/vc_section][vc_section el_id=&#8220;activity-sec&#8220; css=&#8220;.vc_custom_1652790355704{padding-top: 0px !important;}&#8220; el_class=&#8220;top-mar-4&#8243;][vc_row full_width=&#8220;stretch_row_content_no_spaces&#8220; disable_element=&#8220;yes&#8220; el_class=&#8220;skew-bot-row skew-top-row-dark&#8220;][vc_column][\/vc_column][\/vc_row][vc_row equal_height=&#8220;yes&#8220; disable_element=&#8220;yes&#8220; el_class=&#8220;activity-grid-row<span class=\"excerpt-hellip\"> [\u2026]<\/span><\/p>\n","protected":false},"author":1,"featured_media":0,"parent":0,"menu_order":0,"comment_status":"closed","ping_status":"closed","template":"","meta":{"footnotes":""},"class_list":["post-484","page","type-page","status-publish","hentry"],"yoast_head":"<!-- This site is optimized with the Yoast SEO plugin v19.14 - https:\/\/yoast.com\/wordpress\/plugins\/seo\/ -->\n<title>SC France - Beratende Ingenieurb\u00fcro - T\u00e4tigkeitsfelder<\/title>\n<meta name=\"robots\" content=\"index, follow, max-snippet:-1, max-image-preview:large, max-video-preview:-1\" \/>\n<link rel=\"canonical\" href=\"https:\/\/sc-france.fr\/de\/taetigkeitsfelder\/\" \/>\n<meta property=\"og:locale\" content=\"de_DE\" \/>\n<meta property=\"og:type\" content=\"article\" \/>\n<meta property=\"og:title\" content=\"SC France - Beratende Ingenieurb\u00fcro - T\u00e4tigkeitsfelder\" \/>\n<meta property=\"og:description\" content=\"[vc_section full_width=&#8220;stretch_row&#8220; el_id=&#8220;intro&#8220; css=&#8220;.vc_custom_1658499156480{background-image: url(\/wp-content\/uploads\/2022\/07\/Group-614.png?id=481) !important;}&#8220;][vc_row][vc_column width=&#8220;1\/2&#8243;][vc_column_text] T\u00e4tigkeitsfelder [\/vc_column_text][\/vc_column][vc_column width=&#8220;1\/2&#8243;][\/vc_column][\/vc_row][vc_row full_width=&#8220;stretch_row_content_no_spaces&#8220; disable_element=&#8220;yes&#8220; el_class=&#8220;skew-bot-row skew-bot-row-dark&#8220;][vc_column][\/vc_column][\/vc_row][\/vc_section][vc_section el_id=&#8220;activity-sec&#8220; css=&#8220;.vc_custom_1652790355704{padding-top: 0px !important;}&#8220; el_class=&#8220;top-mar-4&#8243;][vc_row full_width=&#8220;stretch_row_content_no_spaces&#8220; disable_element=&#8220;yes&#8220; el_class=&#8220;skew-bot-row skew-top-row-dark&#8220;][vc_column][\/vc_column][\/vc_row][vc_row equal_height=&#8220;yes&#8220; disable_element=&#8220;yes&#8220; el_class=&#8220;activity-grid-row [\u2026]\" \/>\n<meta property=\"og:url\" content=\"https:\/\/sc-france.fr\/de\/taetigkeitsfelder\/\" \/>\n<meta property=\"og:site_name\" content=\"SC France\" \/>\n<meta property=\"article:modified_time\" content=\"2023-10-26T07:46:43+00:00\" \/>\n<meta name=\"twitter:card\" content=\"summary_large_image\" \/>\n<meta name=\"twitter:label1\" content=\"Gesch\u00e4tzte Lesezeit\" \/>\n\t<meta name=\"twitter:data1\" content=\"3\u00a0Minuten\" \/>\n<script type=\"application\/ld+json\" class=\"yoast-schema-graph\">{\"@context\":\"https:\/\/schema.org\",\"@graph\":[{\"@type\":\"WebPage\",\"@id\":\"https:\/\/sc-france.fr\/de\/taetigkeitsfelder\/\",\"url\":\"https:\/\/sc-france.fr\/de\/taetigkeitsfelder\/\",\"name\":\"SC France - Beratende Ingenieurb\u00fcro - T\u00e4tigkeitsfelder\",\"isPartOf\":{\"@id\":\"https:\/\/sc-france.fr\/#website\"},\"datePublished\":\"2022-07-19T11:26:04+00:00\",\"dateModified\":\"2023-10-26T07:46:43+00:00\",\"breadcrumb\":{\"@id\":\"https:\/\/sc-france.fr\/de\/taetigkeitsfelder\/#breadcrumb\"},\"inLanguage\":\"de\",\"potentialAction\":[{\"@type\":\"ReadAction\",\"target\":[\"https:\/\/sc-france.fr\/de\/taetigkeitsfelder\/\"]}]},{\"@type\":\"BreadcrumbList\",\"@id\":\"https:\/\/sc-france.fr\/de\/taetigkeitsfelder\/#breadcrumb\",\"itemListElement\":[{\"@type\":\"ListItem\",\"position\":1,\"name\":\"Home\",\"item\":\"https:\/\/sc-france.fr\/de\/\"},{\"@type\":\"ListItem\",\"position\":2,\"name\":\"T\u00e4tigkeitsfelder\"}]},{\"@type\":\"WebSite\",\"@id\":\"https:\/\/sc-france.fr\/#website\",\"url\":\"https:\/\/sc-france.fr\/\",\"name\":\"SC France\",\"description\":\"Un site utilisant WordPress\",\"inLanguage\":\"de\"}]}<\/script>\n<!-- \/ Yoast SEO plugin. -->","yoast_head_json":{"title":"SC France - Beratende Ingenieurb\u00fcro - T\u00e4tigkeitsfelder","robots":{"index":"index","follow":"follow","max-snippet":"max-snippet:-1","max-image-preview":"max-image-preview:large","max-video-preview":"max-video-preview:-1"},"canonical":"https:\/\/sc-france.fr\/de\/taetigkeitsfelder\/","og_locale":"de_DE","og_type":"article","og_title":"SC France - Beratende Ingenieurb\u00fcro - T\u00e4tigkeitsfelder","og_description":"[vc_section full_width=&#8220;stretch_row&#8220; el_id=&#8220;intro&#8220; css=&#8220;.vc_custom_1658499156480{background-image: url(\/wp-content\/uploads\/2022\/07\/Group-614.png?id=481) !important;}&#8220;][vc_row][vc_column width=&#8220;1\/2&#8243;][vc_column_text] T\u00e4tigkeitsfelder [\/vc_column_text][\/vc_column][vc_column width=&#8220;1\/2&#8243;][\/vc_column][\/vc_row][vc_row full_width=&#8220;stretch_row_content_no_spaces&#8220; disable_element=&#8220;yes&#8220; el_class=&#8220;skew-bot-row skew-bot-row-dark&#8220;][vc_column][\/vc_column][\/vc_row][\/vc_section][vc_section el_id=&#8220;activity-sec&#8220; css=&#8220;.vc_custom_1652790355704{padding-top: 0px !important;}&#8220; el_class=&#8220;top-mar-4&#8243;][vc_row full_width=&#8220;stretch_row_content_no_spaces&#8220; disable_element=&#8220;yes&#8220; el_class=&#8220;skew-bot-row skew-top-row-dark&#8220;][vc_column][\/vc_column][\/vc_row][vc_row equal_height=&#8220;yes&#8220; disable_element=&#8220;yes&#8220; el_class=&#8220;activity-grid-row [\u2026]","og_url":"https:\/\/sc-france.fr\/de\/taetigkeitsfelder\/","og_site_name":"SC France","article_modified_time":"2023-10-26T07:46:43+00:00","twitter_card":"summary_large_image","twitter_misc":{"Gesch\u00e4tzte Lesezeit":"3\u00a0Minuten"},"schema":{"@context":"https:\/\/schema.org","@graph":[{"@type":"WebPage","@id":"https:\/\/sc-france.fr\/de\/taetigkeitsfelder\/","url":"https:\/\/sc-france.fr\/de\/taetigkeitsfelder\/","name":"SC France - Beratende Ingenieurb\u00fcro - T\u00e4tigkeitsfelder","isPartOf":{"@id":"https:\/\/sc-france.fr\/#website"},"datePublished":"2022-07-19T11:26:04+00:00","dateModified":"2023-10-26T07:46:43+00:00","breadcrumb":{"@id":"https:\/\/sc-france.fr\/de\/taetigkeitsfelder\/#breadcrumb"},"inLanguage":"de","potentialAction":[{"@type":"ReadAction","target":["https:\/\/sc-france.fr\/de\/taetigkeitsfelder\/"]}]},{"@type":"BreadcrumbList","@id":"https:\/\/sc-france.fr\/de\/taetigkeitsfelder\/#breadcrumb","itemListElement":[{"@type":"ListItem","position":1,"name":"Home","item":"https:\/\/sc-france.fr\/de\/"},{"@type":"ListItem","position":2,"name":"T\u00e4tigkeitsfelder"}]},{"@type":"WebSite","@id":"https:\/\/sc-france.fr\/#website","url":"https:\/\/sc-france.fr\/","name":"SC France","description":"Un site utilisant WordPress","inLanguage":"de"}]}},"_links":{"self":[{"href":"https:\/\/sc-france.fr\/de\/wp-json\/wp\/v2\/pages\/484","targetHints":{"allow":["GET"]}}],"collection":[{"href":"https:\/\/sc-france.fr\/de\/wp-json\/wp\/v2\/pages"}],"about":[{"href":"https:\/\/sc-france.fr\/de\/wp-json\/wp\/v2\/types\/page"}],"author":[{"embeddable":true,"href":"https:\/\/sc-france.fr\/de\/wp-json\/wp\/v2\/users\/1"}],"replies":[{"embeddable":true,"href":"https:\/\/sc-france.fr\/de\/wp-json\/wp\/v2\/comments?post=484"}],"version-history":[{"count":9,"href":"https:\/\/sc-france.fr\/de\/wp-json\/wp\/v2\/pages\/484\/revisions"}],"predecessor-version":[{"id":757,"href":"https:\/\/sc-france.fr\/de\/wp-json\/wp\/v2\/pages\/484\/revisions\/757"}],"wp:attachment":[{"href":"https:\/\/sc-france.fr\/de\/wp-json\/wp\/v2\/media?parent=484"}],"curies":[{"name":"wp","href":"https:\/\/api.w.org\/{rel}","templated":true}]}}