{"id":489,"date":"2022-07-19T13:28:31","date_gmt":"2022-07-19T11:28:31","guid":{"rendered":"http:\/\/sc-france.fr\/taetigkeitsfelder\/etudes-structurelles\/"},"modified":"2022-07-28T14:05:51","modified_gmt":"2022-07-28T12:05:51","slug":"konstruktiver-ingenieurbau-tragwerksplanung","status":"publish","type":"page","link":"https:\/\/sc-france.fr\/de\/taetigkeitsfelder\/konstruktiver-ingenieurbau-tragwerksplanung\/","title":{"rendered":"Konstruktiver Ingenieurbau, Tragwerksplanung"},"content":{"rendered":"<p>[vc_section full_width=&#8220;stretch_row&#8220; el_id=&#8220;activity-intro&#8220; css=&#8220;.vc_custom_1658311922532{background-image: url(\/wp-content\/uploads\/2022\/07\/structur.png?id=174) !important;}&#8220;][vc_row el_id=&#8220;activity-intro-heading-row&#8220;][vc_column][vc_column_text]<\/p>\n<h1 class=\"upper\">Konstruktiver Ingenieurbau, Tragwerksplanung<\/h1>\n<p>[\/vc_column_text][\/vc_column][\/vc_row][vc_row full_width=&#8220;stretch_row_content_no_spaces&#8220;][vc_column][vc_single_image image=&#8220;174&#8243; img_size=&#8220;full&#8220; alignment=&#8220;center&#8220; el_class=&#8220;no-space-img&#8220;][vc_column_text el_class=&#8220;hidden&#8220;]Entdecken Sie unsere Leistungen im Bereich des konstruktiven Ingenieurbaus f\u00fcr Geb\u00e4ude, Ingenieurbauwerke, Umbauma\u00dfnahmen, Industriegeb\u00e4ude, Geb\u00e4ude aus Stahlbeton, Stahltragwerke oder Holzkonstruktionen usw.[\/vc_column_text][vc_column_text el_id=&#8220;activity-breadcrumbs&#8220;]<a href=\"\/de\/taetigkeitsfelder\/\">T\u00e4tigkeitsfelder<\/a> &gt; <a href=\"#\">Konstruktiver Ingenieurbau, Tragwerksplanung<\/a>[\/vc_column_text][\/vc_column][\/vc_row][\/vc_section][vc_section el_id=&#8220;activity-content-sec&#8220;][vc_row][vc_column][vc_column_text]Unsere Abteilung f\u00fcr konstruktiven Ingenieurbau setzt sich aus erfahrenen <strong>Ingenieuren und technischen Zeichnern <\/strong>zusammen. Sie verf\u00fcgen nicht nur \u00fcber die erforderlichen Kompetenzen im Bereich der <strong>Tragwerksplanung<\/strong>, sondern setzen sich jeden Tag mit fundiertem Know-how, gro\u00dfer Sorgfalt und Reaktionsf\u00e4higkeit mit den ihnen anvertrauten Projekten auseinander. Dabei achten sie stets auf die Optimierung der Baukosten. Die Mitglieder unseres Teams sind mit gro\u00dfer Leidenschaft bei der Sache und stellen sich gerne neuen Herausforderungen, indem sie sich <strong>komplexen Projekten mit wichtigen technischen Besonderheiten <\/strong>widmen.[\/vc_column_text][vc_tta_accordion c_icon=&#8220;&#8220; active_section=&#8220;0&#8243; no_fill=&#8220;true&#8220; collapsible_all=&#8220;true&#8220; el_id=&#8220;activity-accordion&#8220;][vc_tta_section title=&#8220;Unsere Fachgebiete&#8220; tab_id=&#8220;fachgebiete&#8220;][vc_column_text]<\/p>\n<ul class=\"black\">\n<li><strong>\u00d6ffentliche Geb\u00e4ude<\/strong>: Schulen, Sportst\u00e4tten und Kulturzentren, Krankenh\u00e4user, Pflege- und Seniorenheime.<\/li>\n<li><strong>B\u00fcro- und Gesch\u00e4ftsgeb\u00e4ude<\/strong>: Verwaltungsgeb\u00e4ude, Einkaufszentren.<\/li>\n<li><strong>Wohngeb\u00e4ude<\/strong>: Wohnanlagen, Einfamilienh\u00e4user, Sozialwohnungen.<\/li>\n<li><strong>Ingenieurbauwerke<\/strong>: Br\u00fccken, Viadukte, Fu\u00dfg\u00e4ngerbr\u00fccken, Tunnelbauwerke, Wassert\u00fcrme, Wasserbauwerke, Veranstaltungshallen.<\/li>\n<li><strong>Umbauma\u00dfnahmen<\/strong>: Restaurierung und Sanierung von Bestandsimmobilien<\/li>\n<li><strong>Stahl- und Holzkonstruktionen<\/strong>: Sporthallen, Theater, Industriehallen und Hangars.<\/li>\n<li><strong>Industrieprojekte<\/strong>: Stahlindustrie, Kraftwerksbau, Produktionshallen, Werkst\u00e4tten, Kl\u00e4ranlagen, Lagerh\u00e4user, Depots und Garagen.<\/li>\n<\/ul>\n<p>[\/vc_column_text][vc_single_image image=&#8220;704&#8243; img_size=&#8220;full&#8220; alignment=&#8220;center&#8220;][\/vc_tta_section][vc_tta_section title=&#8220;Unsere Leistungen&#8220; tab_id=&#8220;leistungen&#8220;][vc_column_text]<\/p>\n<ul class=\"black\">\n<li>Tragwerksplanung<\/li>\n<li>Massenberechnung und detaillierte Kostenberechnungen<\/li>\n<li>Erstellung der Ausschreibungsunterlagen<\/li>\n<li>Erstellung der Ausf\u00fchrungspl\u00e4ne\n<ul class=\"black\">\n<li>\u00dcbersichtspl\u00e4ne<\/li>\n<li>Schal- und Bewehrungspl\u00e4ne<\/li>\n<li>Aushubpl\u00e4ne und Baugrubensicherung<\/li>\n<\/ul>\n<\/li>\n<li>Kontrolle und \u00dcberwachung der Arbeiten<\/li>\n<\/ul>\n<p>[\/vc_column_text][vc_single_image image=&#8220;702&#8243; img_size=&#8220;full&#8220; alignment=&#8220;center&#8220;][\/vc_tta_section][\/vc_tta_accordion][\/vc_column][\/vc_row][vc_row disable_element=&#8220;yes&#8220;][vc_column][vc_btn title=&#8220;T\u00e9l\u00e9charger la fiche du d\u00e9partement&#8220; align=&#8220;center&#8220; link=&#8220;url:%2Fwp-content%2Fuploads%2F2022%2F06%2FDEVO-SAFE-SUP-PII-20220223-FP.pdf|target:_blank&#8220; el_class=&#8220;cta-btn&#8220;][\/vc_column][\/vc_row][\/vc_section][vc_section el_id=&#8220;activity-gallery-sec&#8220;][vc_row][vc_column][vc_column_text]<\/p>\n<h2 class=\"upper al-center\">Fotogalerie<\/h2>\n<p>[\/vc_column_text][\/vc_column][\/vc_row][vc_row][vc_column][vc_gallery type=&#8220;image_grid&#8220; images=&#8220;234,232,230,228,226,224,222,220,218,216,214,212,210,208,206,204,202,200,198,196,194,192,190,188,186,184,182,180,178,176&#8243; img_size=&#8220;full&#8220;][\/vc_column][\/vc_row][vc_row full_width=&#8220;stretch_row_content_no_spaces&#8220; el_class=&#8220;skew-bot-row skew-bot-row-light&#8220;][vc_column][\/vc_column][\/vc_row][\/vc_section][vc_section full_width=&#8220;stretch_row&#8220; el_id=&#8220;activity-reference-footer-sec&#8220; css=&#8220;.vc_custom_1642515200507{background-color: #004488 !important;}&#8220;][vc_row][vc_column][vc_column_text]<h2 class=\"white upper bot-mar-2 al-center top-mar-1\">Entdecken Sie unsere Projekte<\/h1><div id=\"ref-act-footer\" class=\"ref-act-footer-c-9 needs-slider\"><div class=\"ref-act-footer-item ref-act-footer-type-page\"><a href=\"https:\/\/sc-france.fr\/de\/ecole-elementaire-de-montenach\/\"><img decoding=\"async\" src=\"https:\/\/sc-france.fr\/wp-content\/uploads\/2022\/07\/img_20190830_160755-min-1920x1380-1-1024x768.jpg\"><div class=\"ref-act-footer-inner\"><span class=\"ref-act-footer-title\">Ecole \u00e9l\u00e9mentaire de Montenach<\/span><\/div><\/a><\/div><div class=\"ref-act-footer-item ref-act-footer-type-page\"><a href=\"https:\/\/sc-france.fr\/de\/clos-du-comte\/\"><img decoding=\"async\" src=\"https:\/\/sc-france.fr\/wp-content\/uploads\/2022\/07\/Clos-du-Comte-1-1920x1380-1-1024x768.jpg\"><div class=\"ref-act-footer-inner\"><span class=\"ref-act-footer-title\">Clos du comte<\/span><\/div><\/a><\/div><div class=\"ref-act-footer-item ref-act-footer-type-page\"><a href=\"https:\/\/sc-france.fr\/de\/ecole-elementaire\/\"><img decoding=\"async\" src=\"https:\/\/sc-france.fr\/wp-content\/uploads\/2022\/07\/Ecole-Rurange-1-1920x836-1-1024x768.jpg\"><div class=\"ref-act-footer-inner\"><span class=\"ref-act-footer-title\">\u00c9cole \u00e9l\u00e9mentaire<\/span><\/div><\/a><\/div><div class=\"ref-act-footer-item ref-act-footer-type-page\"><a href=\"https:\/\/sc-france.fr\/de\/residence-les-forges\/\"><img decoding=\"async\" src=\"https:\/\/sc-france.fr\/wp-content\/uploads\/2022\/07\/23-logements-commerces-a\u0300-Terville-2-1-1920x1080-1-1024x768.jpg\"><div class=\"ref-act-footer-inner\"><span class=\"ref-act-footer-title\">R\u00e9sidence Les Forges<\/span><\/div><\/a><\/div><div class=\"ref-act-footer-item ref-act-footer-type-page\"><a href=\"https:\/\/sc-france.fr\/de\/salle-de-spectacles-zenith\/\"><img decoding=\"async\" src=\"https:\/\/sc-france.fr\/wp-content\/uploads\/2022\/07\/Zenith_ET_METAL-BOIS-1920x1285-1-1024x768.jpg\"><div class=\"ref-act-footer-inner\"><span class=\"ref-act-footer-title\">Salle de spectacles Z\u00e9nith<\/span><\/div><\/a><\/div><div class=\"ref-act-footer-item ref-act-footer-type-page\"><a href=\"https:\/\/sc-france.fr\/de\/centre-hospitalier-regional\/\"><img decoding=\"async\" src=\"https:\/\/sc-france.fr\/wp-content\/uploads\/2022\/07\/IMG_0454-1920x1280-1-1024x768.jpg\"><div class=\"ref-act-footer-inner\"><span class=\"ref-act-footer-title\">Centre Hospitalier R\u00e9gional<\/span><\/div><\/a><\/div><div class=\"ref-act-footer-item ref-act-footer-type-page\"><a href=\"https:\/\/sc-france.fr\/de\/cantine-militaire\/\"><img decoding=\"async\" src=\"https:\/\/sc-france.fr\/wp-content\/uploads\/2022\/07\/Cantine-militaire-1-1920x1380-1-1024x768.jpg\"><div class=\"ref-act-footer-inner\"><span class=\"ref-act-footer-title\">Cantine militaire<\/span><\/div><\/a><\/div><div class=\"ref-act-footer-item ref-act-footer-type-page\"><a href=\"https:\/\/sc-france.fr\/de\/ecole-primaire-marcel-pagnol\/\"><img decoding=\"async\" src=\"https:\/\/sc-france.fr\/wp-content\/uploads\/2022\/07\/Ecole-M.-Pagnol-2-1920x1380-1-1024x768.jpg\"><div class=\"ref-act-footer-inner\"><span class=\"ref-act-footer-title\">Ecole primaire Marcel Pagnol<\/span><\/div><\/a><\/div><div class=\"ref-act-footer-item ref-act-footer-type-page\"><a href=\"https:\/\/sc-france.fr\/de\/salle-de-spectacles\/\"><img decoding=\"async\" src=\"https:\/\/sc-france.fr\/wp-content\/uploads\/2022\/07\/FREYMING-MERLEBACH_5-1920x1380-1-1024x768.jpg\"><div class=\"ref-act-footer-inner\"><span class=\"ref-act-footer-title\">Salle de spectacles<\/span><\/div><\/a><\/div><\/div>[\/vc_column_text][\/vc_column][\/vc_row][\/vc_section]<\/p>\n","protected":false},"excerpt":{"rendered":"<p>[vc_section full_width=&#8220;stretch_row&#8220; el_id=&#8220;activity-intro&#8220; css=&#8220;.vc_custom_1658311922532{background-image: url(\/wp-content\/uploads\/2022\/07\/structur.png?id=174) !important;}&#8220;][vc_row el_id=&#8220;activity-intro-heading-row&#8220;][vc_column][vc_column_text] Konstruktiver Ingenieurbau, Tragwerksplanung [\/vc_column_text][\/vc_column][\/vc_row][vc_row full_width=&#8220;stretch_row_content_no_spaces&#8220;][vc_column][vc_single_image image=&#8220;174&#8243; img_size=&#8220;full&#8220; alignment=&#8220;center&#8220; el_class=&#8220;no-space-img&#8220;][vc_column_text el_class=&#8220;hidden&#8220;]Entdecken Sie unsere Leistungen im Bereich des konstruktiven Ingenieurbaus f\u00fcr<span class=\"excerpt-hellip\"> [\u2026]<\/span><\/p>\n","protected":false},"author":1,"featured_media":211,"parent":484,"menu_order":0,"comment_status":"closed","ping_status":"closed","template":"","meta":{"footnotes":""},"class_list":["post-489","page","type-page","status-publish","has-post-thumbnail","hentry"],"yoast_head":"<!-- This site is optimized with the Yoast SEO plugin v19.14 - https:\/\/yoast.com\/wordpress\/plugins\/seo\/ -->\n<title>Konstruktiver Ingenieurbau, Tragwerksplanung - SC France<\/title>\n<meta name=\"robots\" content=\"index, follow, max-snippet:-1, max-image-preview:large, max-video-preview:-1\" \/>\n<link rel=\"canonical\" href=\"https:\/\/sc-france.fr\/de\/taetigkeitsfelder\/konstruktiver-ingenieurbau-tragwerksplanung\/\" \/>\n<meta property=\"og:locale\" content=\"de_DE\" \/>\n<meta property=\"og:type\" content=\"article\" \/>\n<meta property=\"og:title\" content=\"Konstruktiver Ingenieurbau, Tragwerksplanung - SC France\" \/>\n<meta property=\"og:description\" content=\"[vc_section full_width=&#8220;stretch_row&#8220; el_id=&#8220;activity-intro&#8220; css=&#8220;.vc_custom_1658311922532{background-image: url(\/wp-content\/uploads\/2022\/07\/structur.png?id=174) !important;}&#8220;][vc_row el_id=&#8220;activity-intro-heading-row&#8220;][vc_column][vc_column_text] Konstruktiver Ingenieurbau, Tragwerksplanung [\/vc_column_text][\/vc_column][\/vc_row][vc_row full_width=&#8220;stretch_row_content_no_spaces&#8220;][vc_column][vc_single_image image=&#8220;174&#8243; img_size=&#8220;full&#8220; alignment=&#8220;center&#8220; el_class=&#8220;no-space-img&#8220;][vc_column_text el_class=&#8220;hidden&#8220;]Entdecken Sie unsere Leistungen im Bereich des konstruktiven Ingenieurbaus f\u00fcr [\u2026]\" \/>\n<meta property=\"og:url\" content=\"https:\/\/sc-france.fr\/de\/taetigkeitsfelder\/konstruktiver-ingenieurbau-tragwerksplanung\/\" \/>\n<meta property=\"og:site_name\" content=\"SC France\" \/>\n<meta property=\"article:modified_time\" content=\"2022-07-28T12:05:51+00:00\" \/>\n<meta property=\"og:image\" content=\"https:\/\/sc-france.fr\/wp-content\/uploads\/2022\/07\/Zenith_ET_METAL-BOIS-1200x900-c-default.jpg\" \/>\n\t<meta property=\"og:image:width\" content=\"1200\" \/>\n\t<meta property=\"og:image:height\" content=\"900\" \/>\n\t<meta property=\"og:image:type\" content=\"image\/jpeg\" \/>\n<meta name=\"twitter:card\" content=\"summary_large_image\" \/>\n<meta name=\"twitter:label1\" content=\"Gesch\u00e4tzte Lesezeit\" \/>\n\t<meta name=\"twitter:data1\" content=\"2\u00a0Minuten\" \/>\n<script type=\"application\/ld+json\" class=\"yoast-schema-graph\">{\"@context\":\"https:\/\/schema.org\",\"@graph\":[{\"@type\":\"WebPage\",\"@id\":\"https:\/\/sc-france.fr\/de\/taetigkeitsfelder\/konstruktiver-ingenieurbau-tragwerksplanung\/\",\"url\":\"https:\/\/sc-france.fr\/de\/taetigkeitsfelder\/konstruktiver-ingenieurbau-tragwerksplanung\/\",\"name\":\"Konstruktiver Ingenieurbau, Tragwerksplanung - SC France\",\"isPartOf\":{\"@id\":\"https:\/\/sc-france.fr\/#website\"},\"datePublished\":\"2022-07-19T11:28:31+00:00\",\"dateModified\":\"2022-07-28T12:05:51+00:00\",\"breadcrumb\":{\"@id\":\"https:\/\/sc-france.fr\/de\/taetigkeitsfelder\/konstruktiver-ingenieurbau-tragwerksplanung\/#breadcrumb\"},\"inLanguage\":\"de\",\"potentialAction\":[{\"@type\":\"ReadAction\",\"target\":[\"https:\/\/sc-france.fr\/de\/taetigkeitsfelder\/konstruktiver-ingenieurbau-tragwerksplanung\/\"]}]},{\"@type\":\"BreadcrumbList\",\"@id\":\"https:\/\/sc-france.fr\/de\/taetigkeitsfelder\/konstruktiver-ingenieurbau-tragwerksplanung\/#breadcrumb\",\"itemListElement\":[{\"@type\":\"ListItem\",\"position\":1,\"name\":\"Home\",\"item\":\"https:\/\/sc-france.fr\/de\/\"},{\"@type\":\"ListItem\",\"position\":2,\"name\":\"T\u00e4tigkeitsfelder\",\"item\":\"https:\/\/sc-france.fr\/de\/taetigkeitsfelder\/\"},{\"@type\":\"ListItem\",\"position\":3,\"name\":\"Konstruktiver Ingenieurbau, Tragwerksplanung\"}]},{\"@type\":\"WebSite\",\"@id\":\"https:\/\/sc-france.fr\/#website\",\"url\":\"https:\/\/sc-france.fr\/\",\"name\":\"SC France\",\"description\":\"Un site utilisant WordPress\",\"inLanguage\":\"de\"}]}<\/script>\n<!-- \/ Yoast SEO plugin. -->","yoast_head_json":{"title":"Konstruktiver Ingenieurbau, Tragwerksplanung - SC France","robots":{"index":"index","follow":"follow","max-snippet":"max-snippet:-1","max-image-preview":"max-image-preview:large","max-video-preview":"max-video-preview:-1"},"canonical":"https:\/\/sc-france.fr\/de\/taetigkeitsfelder\/konstruktiver-ingenieurbau-tragwerksplanung\/","og_locale":"de_DE","og_type":"article","og_title":"Konstruktiver Ingenieurbau, Tragwerksplanung - SC France","og_description":"[vc_section full_width=&#8220;stretch_row&#8220; el_id=&#8220;activity-intro&#8220; css=&#8220;.vc_custom_1658311922532{background-image: url(\/wp-content\/uploads\/2022\/07\/structur.png?id=174) !important;}&#8220;][vc_row el_id=&#8220;activity-intro-heading-row&#8220;][vc_column][vc_column_text] Konstruktiver Ingenieurbau, Tragwerksplanung [\/vc_column_text][\/vc_column][\/vc_row][vc_row full_width=&#8220;stretch_row_content_no_spaces&#8220;][vc_column][vc_single_image image=&#8220;174&#8243; img_size=&#8220;full&#8220; alignment=&#8220;center&#8220; el_class=&#8220;no-space-img&#8220;][vc_column_text el_class=&#8220;hidden&#8220;]Entdecken Sie unsere Leistungen im Bereich des konstruktiven Ingenieurbaus f\u00fcr [\u2026]","og_url":"https:\/\/sc-france.fr\/de\/taetigkeitsfelder\/konstruktiver-ingenieurbau-tragwerksplanung\/","og_site_name":"SC France","article_modified_time":"2022-07-28T12:05:51+00:00","og_image":[{"width":1200,"height":900,"url":"https:\/\/sc-france.fr\/wp-content\/uploads\/2022\/07\/Zenith_ET_METAL-BOIS-1200x900-c-default.jpg","type":"image\/jpeg"}],"twitter_card":"summary_large_image","twitter_misc":{"Gesch\u00e4tzte Lesezeit":"2\u00a0Minuten"},"schema":{"@context":"https:\/\/schema.org","@graph":[{"@type":"WebPage","@id":"https:\/\/sc-france.fr\/de\/taetigkeitsfelder\/konstruktiver-ingenieurbau-tragwerksplanung\/","url":"https:\/\/sc-france.fr\/de\/taetigkeitsfelder\/konstruktiver-ingenieurbau-tragwerksplanung\/","name":"Konstruktiver Ingenieurbau, Tragwerksplanung - SC France","isPartOf":{"@id":"https:\/\/sc-france.fr\/#website"},"datePublished":"2022-07-19T11:28:31+00:00","dateModified":"2022-07-28T12:05:51+00:00","breadcrumb":{"@id":"https:\/\/sc-france.fr\/de\/taetigkeitsfelder\/konstruktiver-ingenieurbau-tragwerksplanung\/#breadcrumb"},"inLanguage":"de","potentialAction":[{"@type":"ReadAction","target":["https:\/\/sc-france.fr\/de\/taetigkeitsfelder\/konstruktiver-ingenieurbau-tragwerksplanung\/"]}]},{"@type":"BreadcrumbList","@id":"https:\/\/sc-france.fr\/de\/taetigkeitsfelder\/konstruktiver-ingenieurbau-tragwerksplanung\/#breadcrumb","itemListElement":[{"@type":"ListItem","position":1,"name":"Home","item":"https:\/\/sc-france.fr\/de\/"},{"@type":"ListItem","position":2,"name":"T\u00e4tigkeitsfelder","item":"https:\/\/sc-france.fr\/de\/taetigkeitsfelder\/"},{"@type":"ListItem","position":3,"name":"Konstruktiver Ingenieurbau, Tragwerksplanung"}]},{"@type":"WebSite","@id":"https:\/\/sc-france.fr\/#website","url":"https:\/\/sc-france.fr\/","name":"SC France","description":"Un site utilisant WordPress","inLanguage":"de"}]}},"_links":{"self":[{"href":"https:\/\/sc-france.fr\/de\/wp-json\/wp\/v2\/pages\/489","targetHints":{"allow":["GET"]}}],"collection":[{"href":"https:\/\/sc-france.fr\/de\/wp-json\/wp\/v2\/pages"}],"about":[{"href":"https:\/\/sc-france.fr\/de\/wp-json\/wp\/v2\/types\/page"}],"author":[{"embeddable":true,"href":"https:\/\/sc-france.fr\/de\/wp-json\/wp\/v2\/users\/1"}],"replies":[{"embeddable":true,"href":"https:\/\/sc-france.fr\/de\/wp-json\/wp\/v2\/comments?post=489"}],"version-history":[{"count":3,"href":"https:\/\/sc-france.fr\/de\/wp-json\/wp\/v2\/pages\/489\/revisions"}],"predecessor-version":[{"id":706,"href":"https:\/\/sc-france.fr\/de\/wp-json\/wp\/v2\/pages\/489\/revisions\/706"}],"up":[{"embeddable":true,"href":"https:\/\/sc-france.fr\/de\/wp-json\/wp\/v2\/pages\/484"}],"wp:featuredmedia":[{"embeddable":true,"href":"https:\/\/sc-france.fr\/de\/wp-json\/wp\/v2\/media\/211"}],"wp:attachment":[{"href":"https:\/\/sc-france.fr\/de\/wp-json\/wp\/v2\/media?parent=489"}],"curies":[{"name":"wp","href":"https:\/\/api.w.org\/{rel}","templated":true}]}}