{"id":497,"date":"2022-07-19T13:27:58","date_gmt":"2022-07-19T11:27:58","guid":{"rendered":"http:\/\/sc-france.fr\/taetigkeitsfelder\/etudes-techniques-fluides\/"},"modified":"2023-10-26T10:06:24","modified_gmt":"2023-10-26T08:06:24","slug":"technische-gebaeudeausruestung","status":"publish","type":"page","link":"https:\/\/sc-france.fr\/de\/taetigkeitsfelder\/technische-gebaeudeausruestung\/","title":{"rendered":"Technische Geb\u00e4udeausr\u00fcstung"},"content":{"rendered":"<p>[vc_section full_width=&#8220;stretch_row&#8220; el_id=&#8220;activity-intro&#8220; css=&#8220;.vc_custom_1658309389625{background-image: url(\/wp-content\/uploads\/2022\/07\/fluids.png?id=152) !important;}&#8220;][vc_row el_id=&#8220;activity-intro-heading-row&#8220;][vc_column][vc_column_text]<\/p>\n<h1 class=\"upper\">Technische Geb\u00e4udeausr\u00fcstung<\/h1>\n<p>[\/vc_column_text][\/vc_column][\/vc_row][vc_row full_width=&#8220;stretch_row_content_no_spaces&#8220;][vc_column][vc_single_image image=&#8220;152&#8243; img_size=&#8220;full&#8220; alignment=&#8220;center&#8220; el_class=&#8220;no-space-img&#8220;][vc_column_text el_class=&#8220;hidden&#8220;]Je nach Wunsch unserer Kunden (\u00f6ffentliche oder private Bauherren, Architekten) \u00fcbernehmen wir den Auftrag der Technischen Geb\u00e4udeausr\u00fcstungin der Planungs- und\/oder Ausf\u00fchrungsphase[\/vc_column_text][vc_column_text el_id=&#8220;activity-breadcrumbs&#8220;]<a href=\"\/de\/taetigkeitsfelder\/\">T\u00e4tigkeitsfelder<\/a> &gt; <a href=\"#\">Technische Geb\u00e4udeausr\u00fcstung<\/a>[\/vc_column_text][\/vc_column][\/vc_row][\/vc_section][vc_section el_id=&#8220;activity-content-sec&#8220;][vc_row][vc_column][vc_column_text]Je nach Wunsch unserer Kunden (\u00f6ffentliche oder private Bauherren, Architekten) \u00fcbernehmen wir den Auftrag der Technischen Geb\u00e4udeausr\u00fcstungin der Planungs- und\/oder Ausf\u00fchrungsphase, mit der Beherrschung aller Energietr\u00e4ger (Strom, Gas, Holz, Biomasse, Solarenergie, Geothermie, Windkraft\u2026).<\/p>\n<p>[\/vc_column_text][vc_column_text]<strong class=\"colored upper activity-service-strong\">Unsere Leistungen<\/strong><\/p>\n<ul class=\"black\">\n<li>Thermische und elektrische Diagnose<\/li>\n<li>Untersuchung der am besten geeigneten Energiequelle.<\/li>\n<li>Vorentwurf<\/li>\n<li>RT-Berechnungsnote f\u00fcr die Baugenehmigungsunterlagen<\/li>\n<li>Die Ausschreibungsunterlagen (Dossier de Consultation des Entreprises) mit Berechnungen und Pl\u00e4nen<\/li>\n<li>Bauleitung<\/li>\n<li>Pl\u00e4ne f\u00fcr die Ausf\u00fchrung<\/li>\n<li>Unterst\u00fctzung bei der Abnahme<\/li>\n<\/ul>\n<p>[\/vc_column_text][\/vc_column][\/vc_row][vc_row disable_element=&#8220;yes&#8220;][vc_column][vc_btn title=&#8220;T\u00e9l\u00e9charger la fiche du d\u00e9partement&#8220; align=&#8220;center&#8220; link=&#8220;url:%2Fwp-content%2Fuploads%2F2022%2F06%2FDEVO-SAFE-SUP-PII-20220223-FP.pdf|target:_blank&#8220; el_class=&#8220;cta-btn&#8220;][\/vc_column][\/vc_row][\/vc_section][vc_section el_id=&#8220;activity-gallery-sec&#8220;][vc_row][vc_column][vc_column_text]<\/p>\n<h2 class=\"upper al-center\">Fotogalerie<\/h2>\n<p>[\/vc_column_text][\/vc_column][\/vc_row][vc_row][vc_column][vc_gallery type=&#8220;image_grid&#8220; images=&#8220;162,764,766,768&#8243; img_size=&#8220;full&#8220;][\/vc_column][\/vc_row][vc_row full_width=&#8220;stretch_row_content_no_spaces&#8220; disable_element=&#8220;yes&#8220; el_class=&#8220;skew-bot-row skew-bot-row-light&#8220;][vc_column][\/vc_column][\/vc_row][\/vc_section][vc_section full_width=&#8220;stretch_row&#8220; el_id=&#8220;activity-reference-footer-sec&#8220; css=&#8220;.vc_custom_1642515200507{background-color: #004488 !important;}&#8220;][vc_row][vc_column][vc_column_text]<script>jQuery(function(){ jQuery(\"#activity-reference-footer-sec\").remove();})<\/script>[\/vc_column_text][\/vc_column][\/vc_row][\/vc_section]<\/p>\n","protected":false},"excerpt":{"rendered":"<p>[vc_section full_width=&#8220;stretch_row&#8220; el_id=&#8220;activity-intro&#8220; css=&#8220;.vc_custom_1658309389625{background-image: url(\/wp-content\/uploads\/2022\/07\/fluids.png?id=152) !important;}&#8220;][vc_row el_id=&#8220;activity-intro-heading-row&#8220;][vc_column][vc_column_text] Technische Geb\u00e4udeausr\u00fcstung [\/vc_column_text][\/vc_column][\/vc_row][vc_row full_width=&#8220;stretch_row_content_no_spaces&#8220;][vc_column][vc_single_image image=&#8220;152&#8243; img_size=&#8220;full&#8220; alignment=&#8220;center&#8220; el_class=&#8220;no-space-img&#8220;][vc_column_text el_class=&#8220;hidden&#8220;]Je nach Wunsch unserer Kunden (\u00f6ffentliche oder private Bauherren, Architekten) \u00fcbernehmen<span class=\"excerpt-hellip\"> [\u2026]<\/span><\/p>\n","protected":false},"author":1,"featured_media":163,"parent":484,"menu_order":0,"comment_status":"closed","ping_status":"closed","template":"","meta":{"footnotes":""},"class_list":["post-497","page","type-page","status-publish","has-post-thumbnail","hentry"],"yoast_head":"<!-- This site is optimized with the Yoast SEO plugin v19.14 - https:\/\/yoast.com\/wordpress\/plugins\/seo\/ -->\n<title>Technische Geb\u00e4udeausr\u00fcstung - SC France<\/title>\n<meta name=\"robots\" content=\"index, follow, max-snippet:-1, max-image-preview:large, max-video-preview:-1\" \/>\n<link rel=\"canonical\" href=\"https:\/\/sc-france.fr\/de\/taetigkeitsfelder\/technische-gebaeudeausruestung\/\" \/>\n<meta property=\"og:locale\" content=\"de_DE\" \/>\n<meta property=\"og:type\" content=\"article\" \/>\n<meta property=\"og:title\" content=\"Technische Geb\u00e4udeausr\u00fcstung - SC France\" \/>\n<meta property=\"og:description\" content=\"[vc_section full_width=&#8220;stretch_row&#8220; el_id=&#8220;activity-intro&#8220; css=&#8220;.vc_custom_1658309389625{background-image: url(\/wp-content\/uploads\/2022\/07\/fluids.png?id=152) !important;}&#8220;][vc_row el_id=&#8220;activity-intro-heading-row&#8220;][vc_column][vc_column_text] Technische Geb\u00e4udeausr\u00fcstung [\/vc_column_text][\/vc_column][\/vc_row][vc_row full_width=&#8220;stretch_row_content_no_spaces&#8220;][vc_column][vc_single_image image=&#8220;152&#8243; img_size=&#8220;full&#8220; alignment=&#8220;center&#8220; el_class=&#8220;no-space-img&#8220;][vc_column_text el_class=&#8220;hidden&#8220;]Je nach Wunsch unserer Kunden (\u00f6ffentliche oder private Bauherren, Architekten) \u00fcbernehmen [\u2026]\" \/>\n<meta property=\"og:url\" content=\"https:\/\/sc-france.fr\/de\/taetigkeitsfelder\/technische-gebaeudeausruestung\/\" \/>\n<meta property=\"og:site_name\" content=\"SC France\" \/>\n<meta property=\"article:modified_time\" content=\"2023-10-26T08:06:24+00:00\" \/>\n<meta property=\"og:image\" content=\"https:\/\/sc-france.fr\/wp-content\/uploads\/2022\/07\/Depot_SEC-SANTE-1200x900-c-default.jpg\" \/>\n\t<meta property=\"og:image:width\" content=\"1200\" \/>\n\t<meta property=\"og:image:height\" content=\"900\" \/>\n\t<meta property=\"og:image:type\" content=\"image\/jpeg\" \/>\n<meta name=\"twitter:card\" content=\"summary_large_image\" \/>\n<meta name=\"twitter:label1\" content=\"Gesch\u00e4tzte Lesezeit\" \/>\n\t<meta name=\"twitter:data1\" content=\"1\u00a0Minute\" \/>\n<script type=\"application\/ld+json\" class=\"yoast-schema-graph\">{\"@context\":\"https:\/\/schema.org\",\"@graph\":[{\"@type\":\"WebPage\",\"@id\":\"https:\/\/sc-france.fr\/de\/taetigkeitsfelder\/technische-gebaeudeausruestung\/\",\"url\":\"https:\/\/sc-france.fr\/de\/taetigkeitsfelder\/technische-gebaeudeausruestung\/\",\"name\":\"Technische Geb\u00e4udeausr\u00fcstung - SC France\",\"isPartOf\":{\"@id\":\"https:\/\/sc-france.fr\/#website\"},\"datePublished\":\"2022-07-19T11:27:58+00:00\",\"dateModified\":\"2023-10-26T08:06:24+00:00\",\"breadcrumb\":{\"@id\":\"https:\/\/sc-france.fr\/de\/taetigkeitsfelder\/technische-gebaeudeausruestung\/#breadcrumb\"},\"inLanguage\":\"de\",\"potentialAction\":[{\"@type\":\"ReadAction\",\"target\":[\"https:\/\/sc-france.fr\/de\/taetigkeitsfelder\/technische-gebaeudeausruestung\/\"]}]},{\"@type\":\"BreadcrumbList\",\"@id\":\"https:\/\/sc-france.fr\/de\/taetigkeitsfelder\/technische-gebaeudeausruestung\/#breadcrumb\",\"itemListElement\":[{\"@type\":\"ListItem\",\"position\":1,\"name\":\"Home\",\"item\":\"https:\/\/sc-france.fr\/de\/\"},{\"@type\":\"ListItem\",\"position\":2,\"name\":\"T\u00e4tigkeitsfelder\",\"item\":\"https:\/\/sc-france.fr\/de\/taetigkeitsfelder\/\"},{\"@type\":\"ListItem\",\"position\":3,\"name\":\"Technische Geb\u00e4udeausr\u00fcstung\"}]},{\"@type\":\"WebSite\",\"@id\":\"https:\/\/sc-france.fr\/#website\",\"url\":\"https:\/\/sc-france.fr\/\",\"name\":\"SC France\",\"description\":\"Un site utilisant WordPress\",\"inLanguage\":\"de\"}]}<\/script>\n<!-- \/ Yoast SEO plugin. -->","yoast_head_json":{"title":"Technische Geb\u00e4udeausr\u00fcstung - SC France","robots":{"index":"index","follow":"follow","max-snippet":"max-snippet:-1","max-image-preview":"max-image-preview:large","max-video-preview":"max-video-preview:-1"},"canonical":"https:\/\/sc-france.fr\/de\/taetigkeitsfelder\/technische-gebaeudeausruestung\/","og_locale":"de_DE","og_type":"article","og_title":"Technische Geb\u00e4udeausr\u00fcstung - SC France","og_description":"[vc_section full_width=&#8220;stretch_row&#8220; el_id=&#8220;activity-intro&#8220; css=&#8220;.vc_custom_1658309389625{background-image: url(\/wp-content\/uploads\/2022\/07\/fluids.png?id=152) !important;}&#8220;][vc_row el_id=&#8220;activity-intro-heading-row&#8220;][vc_column][vc_column_text] Technische Geb\u00e4udeausr\u00fcstung [\/vc_column_text][\/vc_column][\/vc_row][vc_row full_width=&#8220;stretch_row_content_no_spaces&#8220;][vc_column][vc_single_image image=&#8220;152&#8243; img_size=&#8220;full&#8220; alignment=&#8220;center&#8220; el_class=&#8220;no-space-img&#8220;][vc_column_text el_class=&#8220;hidden&#8220;]Je nach Wunsch unserer Kunden (\u00f6ffentliche oder private Bauherren, Architekten) \u00fcbernehmen [\u2026]","og_url":"https:\/\/sc-france.fr\/de\/taetigkeitsfelder\/technische-gebaeudeausruestung\/","og_site_name":"SC France","article_modified_time":"2023-10-26T08:06:24+00:00","og_image":[{"width":1200,"height":900,"url":"https:\/\/sc-france.fr\/wp-content\/uploads\/2022\/07\/Depot_SEC-SANTE-1200x900-c-default.jpg","type":"image\/jpeg"}],"twitter_card":"summary_large_image","twitter_misc":{"Gesch\u00e4tzte Lesezeit":"1\u00a0Minute"},"schema":{"@context":"https:\/\/schema.org","@graph":[{"@type":"WebPage","@id":"https:\/\/sc-france.fr\/de\/taetigkeitsfelder\/technische-gebaeudeausruestung\/","url":"https:\/\/sc-france.fr\/de\/taetigkeitsfelder\/technische-gebaeudeausruestung\/","name":"Technische Geb\u00e4udeausr\u00fcstung - SC France","isPartOf":{"@id":"https:\/\/sc-france.fr\/#website"},"datePublished":"2022-07-19T11:27:58+00:00","dateModified":"2023-10-26T08:06:24+00:00","breadcrumb":{"@id":"https:\/\/sc-france.fr\/de\/taetigkeitsfelder\/technische-gebaeudeausruestung\/#breadcrumb"},"inLanguage":"de","potentialAction":[{"@type":"ReadAction","target":["https:\/\/sc-france.fr\/de\/taetigkeitsfelder\/technische-gebaeudeausruestung\/"]}]},{"@type":"BreadcrumbList","@id":"https:\/\/sc-france.fr\/de\/taetigkeitsfelder\/technische-gebaeudeausruestung\/#breadcrumb","itemListElement":[{"@type":"ListItem","position":1,"name":"Home","item":"https:\/\/sc-france.fr\/de\/"},{"@type":"ListItem","position":2,"name":"T\u00e4tigkeitsfelder","item":"https:\/\/sc-france.fr\/de\/taetigkeitsfelder\/"},{"@type":"ListItem","position":3,"name":"Technische Geb\u00e4udeausr\u00fcstung"}]},{"@type":"WebSite","@id":"https:\/\/sc-france.fr\/#website","url":"https:\/\/sc-france.fr\/","name":"SC France","description":"Un site utilisant WordPress","inLanguage":"de"}]}},"_links":{"self":[{"href":"https:\/\/sc-france.fr\/de\/wp-json\/wp\/v2\/pages\/497","targetHints":{"allow":["GET"]}}],"collection":[{"href":"https:\/\/sc-france.fr\/de\/wp-json\/wp\/v2\/pages"}],"about":[{"href":"https:\/\/sc-france.fr\/de\/wp-json\/wp\/v2\/types\/page"}],"author":[{"embeddable":true,"href":"https:\/\/sc-france.fr\/de\/wp-json\/wp\/v2\/users\/1"}],"replies":[{"embeddable":true,"href":"https:\/\/sc-france.fr\/de\/wp-json\/wp\/v2\/comments?post=497"}],"version-history":[{"count":5,"href":"https:\/\/sc-france.fr\/de\/wp-json\/wp\/v2\/pages\/497\/revisions"}],"predecessor-version":[{"id":770,"href":"https:\/\/sc-france.fr\/de\/wp-json\/wp\/v2\/pages\/497\/revisions\/770"}],"up":[{"embeddable":true,"href":"https:\/\/sc-france.fr\/de\/wp-json\/wp\/v2\/pages\/484"}],"wp:featuredmedia":[{"embeddable":true,"href":"https:\/\/sc-france.fr\/de\/wp-json\/wp\/v2\/media\/163"}],"wp:attachment":[{"href":"https:\/\/sc-france.fr\/de\/wp-json\/wp\/v2\/media?parent=497"}],"curies":[{"name":"wp","href":"https:\/\/api.w.org\/{rel}","templated":true}]}}