{"id":509,"date":"2022-07-19T13:29:01","date_gmt":"2022-07-19T11:29:01","guid":{"rendered":"http:\/\/sc-france.fr\/taetigkeitsfelder\/maitrise-doeuvre-technique\/"},"modified":"2023-10-26T10:44:01","modified_gmt":"2023-10-26T08:44:01","slug":"technische-leitung","status":"publish","type":"page","link":"https:\/\/sc-france.fr\/de\/taetigkeitsfelder\/technische-leitung\/","title":{"rendered":"Technische Leitung"},"content":{"rendered":"<p>[vc_section full_width=&#8220;stretch_row&#8220; el_id=&#8220;activity-intro&#8220; css=&#8220;.vc_custom_1698309840455{background-image: url(https:\/\/sc-france.fr\/wp-content\/uploads\/2023\/10\/maitrise-oeuvre-technique.png?id=776) !important;}&#8220;][vc_row el_id=&#8220;activity-intro-heading-row&#8220;][vc_column][vc_column_text]<\/p>\n<h1 class=\"upper\">Technische Leitung<\/h1>\n<p>[\/vc_column_text][\/vc_column][\/vc_row][vc_row full_width=&#8220;stretch_row_content_no_spaces&#8220;][vc_column][vc_single_image image=&#8220;251&#8243; img_size=&#8220;full&#8220; alignment=&#8220;center&#8220; el_class=&#8220;no-space-img&#8220;][vc_column_text el_class=&#8220;hidden&#8220;]In Erg\u00e4nzung zum Architekten \u00fcbernehmen wir alle Aufgaben der technischen Gesamt- oder Teilprojektleitung nach den W\u00fcnschen des Kunden f\u00fcr alle Arten von Projekten.[\/vc_column_text][vc_column_text el_id=&#8220;activity-breadcrumbs&#8220;]<a href=\"\/de\/taetigkeitsfelder\/\">T\u00e4tigkeitsfelder<\/a> &gt; <a href=\"#\">Technische Leitung<\/a>[\/vc_column_text][\/vc_column][\/vc_row][\/vc_section][vc_section el_id=&#8220;activity-content-sec&#8220;][vc_row][vc_column][vc_column_text]In Erg\u00e4nzung zum Architekten <strong>\u00fcbernehmen wir alle Aufgaben der technischen Bauleitung <\/strong>vollst\u00e4ndig oder teilweise nach den W\u00fcnschen des Kunden, f\u00fcr alle Arten von Projekten. Unsere Kompetenzen und unsere langj\u00e4hrige Erfahrung in diesem Bereich gew\u00e4hrleisten, dass unsere Kunden <strong>Qualit\u00e4t und Zuverl\u00e4ssigkeit der Leistungen unter strikter Einhaltung der Kosten und des Zeitplans<\/strong> erhalten.[\/vc_column_text][vc_column_text]<strong class=\"colored upper activity-service-strong\">Unsere Leistungen<\/strong><\/p>\n<ul class=\"black\">\n<li>Diagnose<\/li>\n<li>Zusammengefasster Vorentwurf<\/li>\n<li>Detaillierter Vorentwurf<\/li>\n<li>Dossier de Consultation des Entreprises (Ausschreibungsunterlagen f\u00fcr Unternehmen)<\/li>\n<li>Unterst\u00fctzung bei der Vergabe von Bauvertr\u00e4gen.<\/li>\n<li>Leitung der technischen Ausf\u00fchrung<\/li>\n<li>Pr\u00fcfung der Ausf\u00fchrungsunterlagen der Unternehmen<\/li>\n<li>Unterst\u00fctzung bei der Abnahme und Aufhebung von Vorbehalten<\/li>\n<li>Planung, Steuerung und Koordinierung der Bauarbeiten<\/li>\n<\/ul>\n<p>[\/vc_column_text][\/vc_column][\/vc_row][vc_row disable_element=&#8220;yes&#8220;][vc_column][vc_btn title=&#8220;T\u00e9l\u00e9charger la fiche du d\u00e9partement&#8220; align=&#8220;center&#8220; link=&#8220;url:%2Fwp-content%2Fuploads%2F2022%2F06%2FDEVO-SAFE-SUP-PII-20220223-FP.pdf|target:_blank&#8220; el_class=&#8220;cta-btn&#8220;][\/vc_column][\/vc_row][\/vc_section][vc_section el_id=&#8220;activity-gallery-sec&#8220;][vc_row][vc_column][vc_column_text]<\/p>\n<h2 class=\"upper al-center\">Fotogalerie<\/h2>\n<p>[\/vc_column_text][\/vc_column][\/vc_row][vc_row][vc_column][vc_gallery type=&#8220;image_grid&#8220; images=&#8220;265,263,255,772&#8243; img_size=&#8220;full&#8220;][\/vc_column][\/vc_row][vc_row full_width=&#8220;stretch_row_content_no_spaces&#8220; el_class=&#8220;skew-bot-row skew-bot-row-light&#8220;][vc_column][\/vc_column][\/vc_row][\/vc_section][vc_section full_width=&#8220;stretch_row&#8220; el_id=&#8220;activity-reference-footer-sec&#8220; css=&#8220;.vc_custom_1642515200507{background-color: #004488 !important;}&#8220;][vc_row][vc_column][vc_column_text]<h2 class=\"white upper bot-mar-2 al-center top-mar-1\">Entdecken Sie unsere Projekte<\/h1><div id=\"ref-act-footer\" class=\"ref-act-footer-c-5 needs-slider\"><div class=\"ref-act-footer-item ref-act-footer-type-page\"><a href=\"https:\/\/sc-france.fr\/de\/maison-queneau\/\"><img decoding=\"async\" src=\"https:\/\/sc-france.fr\/wp-content\/uploads\/2022\/07\/21-1024x768.jpg\"><div class=\"ref-act-footer-inner\"><span class=\"ref-act-footer-title\">Maison Queneau<\/span><\/div><\/a><\/div><div class=\"ref-act-footer-item ref-act-footer-type-page\"><a href=\"https:\/\/sc-france.fr\/de\/ecole-elementaire-de-montenach\/\"><img decoding=\"async\" src=\"https:\/\/sc-france.fr\/wp-content\/uploads\/2022\/07\/img_20190830_160755-min-1920x1380-1-1024x768.jpg\"><div class=\"ref-act-footer-inner\"><span class=\"ref-act-footer-title\">Ecole \u00e9l\u00e9mentaire de Montenach<\/span><\/div><\/a><\/div><div class=\"ref-act-footer-item ref-act-footer-type-page\"><a href=\"https:\/\/sc-france.fr\/de\/ecole-elementaire\/\"><img decoding=\"async\" src=\"https:\/\/sc-france.fr\/wp-content\/uploads\/2022\/07\/Ecole-Rurange-1-1920x836-1-1024x768.jpg\"><div class=\"ref-act-footer-inner\"><span class=\"ref-act-footer-title\">\u00c9cole \u00e9l\u00e9mentaire<\/span><\/div><\/a><\/div><div class=\"ref-act-footer-item ref-act-footer-type-page\"><a href=\"https:\/\/sc-france.fr\/de\/residence-les-forges\/\"><img decoding=\"async\" src=\"https:\/\/sc-france.fr\/wp-content\/uploads\/2022\/07\/23-logements-commerces-a\u0300-Terville-2-1-1920x1080-1-1024x768.jpg\"><div class=\"ref-act-footer-inner\"><span class=\"ref-act-footer-title\">R\u00e9sidence Les Forges<\/span><\/div><\/a><\/div><div class=\"ref-act-footer-item ref-act-footer-type-page\"><a href=\"https:\/\/sc-france.fr\/de\/ecole-primaire-marcel-pagnol\/\"><img decoding=\"async\" src=\"https:\/\/sc-france.fr\/wp-content\/uploads\/2022\/07\/Ecole-M.-Pagnol-2-1920x1380-1-1024x768.jpg\"><div class=\"ref-act-footer-inner\"><span class=\"ref-act-footer-title\">Ecole primaire Marcel Pagnol<\/span><\/div><\/a><\/div><\/div>[\/vc_column_text][\/vc_column][\/vc_row][\/vc_section]<\/p>\n","protected":false},"excerpt":{"rendered":"<p>[vc_section full_width=&#8220;stretch_row&#8220; el_id=&#8220;activity-intro&#8220; css=&#8220;.vc_custom_1698309840455{background-image: url(https:\/\/sc-france.fr\/wp-content\/uploads\/2023\/10\/maitrise-oeuvre-technique.png?id=776) !important;}&#8220;][vc_row el_id=&#8220;activity-intro-heading-row&#8220;][vc_column][vc_column_text] Technische Leitung [\/vc_column_text][\/vc_column][\/vc_row][vc_row full_width=&#8220;stretch_row_content_no_spaces&#8220;][vc_column][vc_single_image image=&#8220;251&#8243; img_size=&#8220;full&#8220; alignment=&#8220;center&#8220; el_class=&#8220;no-space-img&#8220;][vc_column_text el_class=&#8220;hidden&#8220;]In Erg\u00e4nzung zum Architekten \u00fcbernehmen wir alle Aufgaben der technischen Gesamt-<span class=\"excerpt-hellip\"> [\u2026]<\/span><\/p>\n","protected":false},"author":1,"featured_media":269,"parent":484,"menu_order":0,"comment_status":"closed","ping_status":"closed","template":"","meta":{"footnotes":""},"class_list":["post-509","page","type-page","status-publish","has-post-thumbnail","hentry"],"yoast_head":"<!-- This site is optimized with the Yoast SEO plugin v19.14 - https:\/\/yoast.com\/wordpress\/plugins\/seo\/ -->\n<title>Technische Leitung - SC France<\/title>\n<meta name=\"robots\" content=\"index, follow, max-snippet:-1, max-image-preview:large, max-video-preview:-1\" \/>\n<link rel=\"canonical\" href=\"https:\/\/sc-france.fr\/de\/taetigkeitsfelder\/technische-leitung\/\" \/>\n<meta property=\"og:locale\" content=\"de_DE\" \/>\n<meta property=\"og:type\" content=\"article\" \/>\n<meta property=\"og:title\" content=\"Technische Leitung - SC France\" \/>\n<meta property=\"og:description\" content=\"[vc_section full_width=&#8220;stretch_row&#8220; el_id=&#8220;activity-intro&#8220; css=&#8220;.vc_custom_1698309840455{background-image: url(https:\/\/sc-france.fr\/wp-content\/uploads\/2023\/10\/maitrise-oeuvre-technique.png?id=776) !important;}&#8220;][vc_row el_id=&#8220;activity-intro-heading-row&#8220;][vc_column][vc_column_text] Technische Leitung [\/vc_column_text][\/vc_column][\/vc_row][vc_row full_width=&#8220;stretch_row_content_no_spaces&#8220;][vc_column][vc_single_image image=&#8220;251&#8243; img_size=&#8220;full&#8220; alignment=&#8220;center&#8220; el_class=&#8220;no-space-img&#8220;][vc_column_text el_class=&#8220;hidden&#8220;]In Erg\u00e4nzung zum Architekten \u00fcbernehmen wir alle Aufgaben der technischen Gesamt- [\u2026]\" \/>\n<meta property=\"og:url\" content=\"https:\/\/sc-france.fr\/de\/taetigkeitsfelder\/technische-leitung\/\" \/>\n<meta property=\"og:site_name\" content=\"SC France\" \/>\n<meta property=\"article:modified_time\" content=\"2023-10-26T08:44:01+00:00\" \/>\n<meta property=\"og:image\" content=\"https:\/\/sc-france.fr\/wp-content\/uploads\/2022\/07\/technique-featured.jpg\" \/>\n\t<meta property=\"og:image:width\" content=\"1200\" \/>\n\t<meta property=\"og:image:height\" content=\"900\" \/>\n\t<meta property=\"og:image:type\" content=\"image\/jpeg\" \/>\n<meta name=\"twitter:card\" content=\"summary_large_image\" \/>\n<meta name=\"twitter:label1\" content=\"Gesch\u00e4tzte Lesezeit\" \/>\n\t<meta name=\"twitter:data1\" content=\"1\u00a0Minute\" \/>\n<script type=\"application\/ld+json\" class=\"yoast-schema-graph\">{\"@context\":\"https:\/\/schema.org\",\"@graph\":[{\"@type\":\"WebPage\",\"@id\":\"https:\/\/sc-france.fr\/de\/taetigkeitsfelder\/technische-leitung\/\",\"url\":\"https:\/\/sc-france.fr\/de\/taetigkeitsfelder\/technische-leitung\/\",\"name\":\"Technische Leitung - SC France\",\"isPartOf\":{\"@id\":\"https:\/\/sc-france.fr\/#website\"},\"datePublished\":\"2022-07-19T11:29:01+00:00\",\"dateModified\":\"2023-10-26T08:44:01+00:00\",\"breadcrumb\":{\"@id\":\"https:\/\/sc-france.fr\/de\/taetigkeitsfelder\/technische-leitung\/#breadcrumb\"},\"inLanguage\":\"de\",\"potentialAction\":[{\"@type\":\"ReadAction\",\"target\":[\"https:\/\/sc-france.fr\/de\/taetigkeitsfelder\/technische-leitung\/\"]}]},{\"@type\":\"BreadcrumbList\",\"@id\":\"https:\/\/sc-france.fr\/de\/taetigkeitsfelder\/technische-leitung\/#breadcrumb\",\"itemListElement\":[{\"@type\":\"ListItem\",\"position\":1,\"name\":\"Home\",\"item\":\"https:\/\/sc-france.fr\/de\/\"},{\"@type\":\"ListItem\",\"position\":2,\"name\":\"T\u00e4tigkeitsfelder\",\"item\":\"https:\/\/sc-france.fr\/de\/taetigkeitsfelder\/\"},{\"@type\":\"ListItem\",\"position\":3,\"name\":\"Technische Leitung\"}]},{\"@type\":\"WebSite\",\"@id\":\"https:\/\/sc-france.fr\/#website\",\"url\":\"https:\/\/sc-france.fr\/\",\"name\":\"SC France\",\"description\":\"Un site utilisant WordPress\",\"inLanguage\":\"de\"}]}<\/script>\n<!-- \/ Yoast SEO plugin. -->","yoast_head_json":{"title":"Technische Leitung - SC France","robots":{"index":"index","follow":"follow","max-snippet":"max-snippet:-1","max-image-preview":"max-image-preview:large","max-video-preview":"max-video-preview:-1"},"canonical":"https:\/\/sc-france.fr\/de\/taetigkeitsfelder\/technische-leitung\/","og_locale":"de_DE","og_type":"article","og_title":"Technische Leitung - SC France","og_description":"[vc_section full_width=&#8220;stretch_row&#8220; el_id=&#8220;activity-intro&#8220; css=&#8220;.vc_custom_1698309840455{background-image: url(https:\/\/sc-france.fr\/wp-content\/uploads\/2023\/10\/maitrise-oeuvre-technique.png?id=776) !important;}&#8220;][vc_row el_id=&#8220;activity-intro-heading-row&#8220;][vc_column][vc_column_text] Technische Leitung [\/vc_column_text][\/vc_column][\/vc_row][vc_row full_width=&#8220;stretch_row_content_no_spaces&#8220;][vc_column][vc_single_image image=&#8220;251&#8243; img_size=&#8220;full&#8220; alignment=&#8220;center&#8220; el_class=&#8220;no-space-img&#8220;][vc_column_text el_class=&#8220;hidden&#8220;]In Erg\u00e4nzung zum Architekten \u00fcbernehmen wir alle Aufgaben der technischen Gesamt- [\u2026]","og_url":"https:\/\/sc-france.fr\/de\/taetigkeitsfelder\/technische-leitung\/","og_site_name":"SC France","article_modified_time":"2023-10-26T08:44:01+00:00","og_image":[{"width":1200,"height":900,"url":"https:\/\/sc-france.fr\/wp-content\/uploads\/2022\/07\/technique-featured.jpg","type":"image\/jpeg"}],"twitter_card":"summary_large_image","twitter_misc":{"Gesch\u00e4tzte Lesezeit":"1\u00a0Minute"},"schema":{"@context":"https:\/\/schema.org","@graph":[{"@type":"WebPage","@id":"https:\/\/sc-france.fr\/de\/taetigkeitsfelder\/technische-leitung\/","url":"https:\/\/sc-france.fr\/de\/taetigkeitsfelder\/technische-leitung\/","name":"Technische Leitung - SC France","isPartOf":{"@id":"https:\/\/sc-france.fr\/#website"},"datePublished":"2022-07-19T11:29:01+00:00","dateModified":"2023-10-26T08:44:01+00:00","breadcrumb":{"@id":"https:\/\/sc-france.fr\/de\/taetigkeitsfelder\/technische-leitung\/#breadcrumb"},"inLanguage":"de","potentialAction":[{"@type":"ReadAction","target":["https:\/\/sc-france.fr\/de\/taetigkeitsfelder\/technische-leitung\/"]}]},{"@type":"BreadcrumbList","@id":"https:\/\/sc-france.fr\/de\/taetigkeitsfelder\/technische-leitung\/#breadcrumb","itemListElement":[{"@type":"ListItem","position":1,"name":"Home","item":"https:\/\/sc-france.fr\/de\/"},{"@type":"ListItem","position":2,"name":"T\u00e4tigkeitsfelder","item":"https:\/\/sc-france.fr\/de\/taetigkeitsfelder\/"},{"@type":"ListItem","position":3,"name":"Technische Leitung"}]},{"@type":"WebSite","@id":"https:\/\/sc-france.fr\/#website","url":"https:\/\/sc-france.fr\/","name":"SC France","description":"Un site utilisant WordPress","inLanguage":"de"}]}},"_links":{"self":[{"href":"https:\/\/sc-france.fr\/de\/wp-json\/wp\/v2\/pages\/509","targetHints":{"allow":["GET"]}}],"collection":[{"href":"https:\/\/sc-france.fr\/de\/wp-json\/wp\/v2\/pages"}],"about":[{"href":"https:\/\/sc-france.fr\/de\/wp-json\/wp\/v2\/types\/page"}],"author":[{"embeddable":true,"href":"https:\/\/sc-france.fr\/de\/wp-json\/wp\/v2\/users\/1"}],"replies":[{"embeddable":true,"href":"https:\/\/sc-france.fr\/de\/wp-json\/wp\/v2\/comments?post=509"}],"version-history":[{"count":4,"href":"https:\/\/sc-france.fr\/de\/wp-json\/wp\/v2\/pages\/509\/revisions"}],"predecessor-version":[{"id":778,"href":"https:\/\/sc-france.fr\/de\/wp-json\/wp\/v2\/pages\/509\/revisions\/778"}],"up":[{"embeddable":true,"href":"https:\/\/sc-france.fr\/de\/wp-json\/wp\/v2\/pages\/484"}],"wp:featuredmedia":[{"embeddable":true,"href":"https:\/\/sc-france.fr\/de\/wp-json\/wp\/v2\/media\/269"}],"wp:attachment":[{"href":"https:\/\/sc-france.fr\/de\/wp-json\/wp\/v2\/media?parent=509"}],"curies":[{"name":"wp","href":"https:\/\/api.w.org\/{rel}","templated":true}]}}