{"id":513,"date":"2022-07-19T13:28:47","date_gmt":"2022-07-19T11:28:47","guid":{"rendered":"http:\/\/sc-france.fr\/taetigkeitsfelder\/opc-ordonnancement-pilotage-et-coordination-du-chantier\/"},"modified":"2022-08-31T16:38:57","modified_gmt":"2022-08-31T14:38:57","slug":"opc-planung-steuerung-und-koordination-der-baustelle","status":"publish","type":"page","link":"https:\/\/sc-france.fr\/de\/taetigkeitsfelder\/opc-planung-steuerung-und-koordination-der-baustelle\/","title":{"rendered":"OPC &#8211; Planung, Steuerung und Koordination der Baustelle"},"content":{"rendered":"<p>[vc_section full_width=&#8220;stretch_row&#8220; el_id=&#8220;activity-intro&#8220; css=&#8220;.vc_custom_1658312284467{background-image: url(\/wp-content\/uploads\/2022\/07\/opc.png?id=239) !important;}&#8220;][vc_row el_id=&#8220;activity-intro-heading-row&#8220;][vc_column][vc_column_text]<\/p>\n<h1 class=\"upper\">OPC &#8211; Planung, Steuerung und Koordination der Baustelle<\/h1>\n<p>[\/vc_column_text][\/vc_column][\/vc_row][vc_row full_width=&#8220;stretch_row_content_no_spaces&#8220;][vc_column][vc_single_image image=&#8220;239&#8243; img_size=&#8220;full&#8220; alignment=&#8220;center&#8220; el_class=&#8220;no-space-img&#8220;][vc_column_text el_class=&#8220;hidden&#8220;]Wir \u00fcbernehmen das Zeitmanagement von der Entwurfs- und Ausf\u00fchrungsplanung bis zum Abschluss der Arbeiten.[\/vc_column_text][vc_column_text el_id=&#8220;activity-breadcrumbs&#8220;]<a href=\"\/de\/taetigkeitsfelder\/\">T\u00e4tigkeitsfelder<\/a> &gt; <a href=\"#\">OPC &#8211; Planung, Steuerung und Koordination der Baustelle<\/a>[\/vc_column_text][\/vc_column][\/vc_row][\/vc_section][vc_section el_id=&#8220;activity-content-sec&#8220;][vc_row][vc_column][vc_column_text]Wir \u00fcbernehmen das <strong>Zeitmanagement von der Entwurfs- und Ausf\u00fchrungsplanung bis zur Fertigstellung der Arbeiten<\/strong>, und zwar f\u00fcr alle Arten von Projekten: Wohnungen, B\u00fcros, Schulen&#8230;[\/vc_column_text][vc_column_text]<strong class=\"colored upper activity-service-strong\">Unsere Leistungen<\/strong><\/p>\n<p><strong>Entwurfsphase :<\/strong><\/p>\n<ul class=\"black\">\n<li>Planung der Studien mit den wichtigsten Fristen: Abgabe von APS\/APD\/DCE, Erstellung und Pr\u00fcfung der PC-Akte, Vergabe von Bauauftr\u00e4gen.<\/li>\n<li>Moderation und Nachbereitung von Treffen mit den Partnern<\/li>\n<li>L\u00f6sungsvorschl\u00e4ge zur Optimierung des Zeitplans f\u00fcr die Entwurfsstudien<\/li>\n<\/ul>\n<p><strong>Ausf\u00fchrungsphase :<\/strong><\/p>\n<ul class=\"black\">\n<li>Detaillierte Planung der Arbeiten<\/li>\n<li>Moderation und Nachbereitung von Treffen mit Unternehmen und anderen Partnern<\/li>\n<li>Zeitliche \u00dcberwachung auf der Baustelle<\/li>\n<li>L\u00f6sungsvorschl\u00e4ge bei Verschiebungen oder Ausfall von Beteiligten<\/li>\n<li>Planung der wichtigsten Termine: OPR, Abnahme, Dichtigkeitstests, Akustiktests, Sicherheitskommission, Inbetriebnahme der technischen Anlagen<\/li>\n<\/ul>\n<p>[\/vc_column_text][\/vc_column][\/vc_row][vc_row disable_element=&#8220;yes&#8220;][vc_column][vc_btn title=&#8220;T\u00e9l\u00e9charger la fiche du d\u00e9partement&#8220; align=&#8220;center&#8220; link=&#8220;url:%2Fwp-content%2Fuploads%2F2022%2F06%2FDEVO-SAFE-SUP-PII-20220223-FP.pdf|target:_blank&#8220; el_class=&#8220;cta-btn&#8220;][\/vc_column][\/vc_row][\/vc_section][vc_section el_id=&#8220;activity-gallery-sec&#8220;][vc_row][vc_column][vc_column_text]<\/p>\n<h2 class=\"upper al-center\">Fotogalerie<\/h2>\n<p>[\/vc_column_text][\/vc_column][\/vc_row][vc_row][vc_column][vc_gallery type=&#8220;image_grid&#8220; images=&#8220;247,245,243&#8243; img_size=&#8220;full&#8220;][\/vc_column][\/vc_row][vc_row full_width=&#8220;stretch_row_content_no_spaces&#8220; el_class=&#8220;skew-bot-row skew-bot-row-light&#8220;][vc_column][\/vc_column][\/vc_row][\/vc_section][vc_section full_width=&#8220;stretch_row&#8220; el_id=&#8220;activity-reference-footer-sec&#8220; css=&#8220;.vc_custom_1642515200507{background-color: #004488 !important;}&#8220;][vc_row][vc_column][vc_column_text]<h2 class=\"white upper bot-mar-2 al-center top-mar-1\">Entdecken Sie unsere Projekte<\/h1><div id=\"ref-act-footer\" class=\"ref-act-footer-c-9 needs-slider\"><div class=\"ref-act-footer-item ref-act-footer-type-page\"><a href=\"https:\/\/sc-france.fr\/de\/lycee-georges-de-la-tour\/\"><img decoding=\"async\" src=\"https:\/\/sc-france.fr\/wp-content\/uploads\/2022\/07\/20201104_101102-1024x768.jpg\"><div class=\"ref-act-footer-inner\"><span class=\"ref-act-footer-title\">Lyc\u00e9e Georges de la Tour<\/span><\/div><\/a><\/div><div class=\"ref-act-footer-item ref-act-footer-type-page\"><a href=\"https:\/\/sc-france.fr\/de\/lycee-jacques-callot\/\"><img decoding=\"async\" src=\"https:\/\/sc-france.fr\/wp-content\/uploads\/2022\/07\/117774956_151406869936287_6077328940467914806_o-1920x1380-1-1024x768.jpg\"><div class=\"ref-act-footer-inner\"><span class=\"ref-act-footer-title\">Lyc\u00e9e Jacques Callot<\/span><\/div><\/a><\/div><div class=\"ref-act-footer-item ref-act-footer-type-page\"><a href=\"https:\/\/sc-france.fr\/de\/ecole-elementaire-de-montenach\/\"><img decoding=\"async\" src=\"https:\/\/sc-france.fr\/wp-content\/uploads\/2022\/07\/img_20190830_160755-min-1920x1380-1-1024x768.jpg\"><div class=\"ref-act-footer-inner\"><span class=\"ref-act-footer-title\">Ecole \u00e9l\u00e9mentaire de Montenach<\/span><\/div><\/a><\/div><div class=\"ref-act-footer-item ref-act-footer-type-page\"><a href=\"https:\/\/sc-france.fr\/de\/clos-du-comte\/\"><img decoding=\"async\" src=\"https:\/\/sc-france.fr\/wp-content\/uploads\/2022\/07\/Clos-du-Comte-1-1920x1380-1-1024x768.jpg\"><div class=\"ref-act-footer-inner\"><span class=\"ref-act-footer-title\">Clos du comte<\/span><\/div><\/a><\/div><div class=\"ref-act-footer-item ref-act-footer-type-page\"><a href=\"https:\/\/sc-france.fr\/de\/ecole-elementaire\/\"><img decoding=\"async\" src=\"https:\/\/sc-france.fr\/wp-content\/uploads\/2022\/07\/Ecole-Rurange-1-1920x836-1-1024x768.jpg\"><div class=\"ref-act-footer-inner\"><span class=\"ref-act-footer-title\">\u00c9cole \u00e9l\u00e9mentaire<\/span><\/div><\/a><\/div><div class=\"ref-act-footer-item ref-act-footer-type-page\"><a href=\"https:\/\/sc-france.fr\/de\/lycee-varoquaux\/\"><img decoding=\"async\" src=\"https:\/\/sc-france.fr\/wp-content\/uploads\/2022\/07\/Lyce\u0301e-VAROQUAUX-1-1-1920x1380-1-1024x768.jpg\"><div class=\"ref-act-footer-inner\"><span class=\"ref-act-footer-title\">Lyc\u00e9e Varoquaux<\/span><\/div><\/a><\/div><div class=\"ref-act-footer-item ref-act-footer-type-page\"><a href=\"https:\/\/sc-france.fr\/de\/residence-les-forges\/\"><img decoding=\"async\" src=\"https:\/\/sc-france.fr\/wp-content\/uploads\/2022\/07\/23-logements-commerces-a\u0300-Terville-2-1-1920x1080-1-1024x768.jpg\"><div class=\"ref-act-footer-inner\"><span class=\"ref-act-footer-title\">R\u00e9sidence Les Forges<\/span><\/div><\/a><\/div><div class=\"ref-act-footer-item ref-act-footer-type-page\"><a href=\"https:\/\/sc-france.fr\/de\/lycee-hotelier-alain-fournier\/\"><img decoding=\"async\" src=\"https:\/\/sc-france.fr\/wp-content\/uploads\/2022\/07\/Lyce\u0301e-Fournier-a\u0300-VERDUN-1-1-1920x1380-1-1024x768.jpg\"><div class=\"ref-act-footer-inner\"><span class=\"ref-act-footer-title\">Lyc\u00e9e h\u00f4telier Alain Fournier<\/span><\/div><\/a><\/div><div class=\"ref-act-footer-item ref-act-footer-type-page\"><a href=\"https:\/\/sc-france.fr\/de\/groupement-scolaire\/\"><img decoding=\"async\" src=\"https:\/\/sc-france.fr\/wp-content\/uploads\/2022\/07\/groupement-scolaire-Tressange-3-1920x1380-1-1024x768.jpg\"><div class=\"ref-act-footer-inner\"><span class=\"ref-act-footer-title\">Groupement scolaire<\/span><\/div><\/a><\/div><\/div>[\/vc_column_text][\/vc_column][\/vc_row][\/vc_section]<\/p>\n","protected":false},"excerpt":{"rendered":"<p>[vc_section full_width=&#8220;stretch_row&#8220; el_id=&#8220;activity-intro&#8220; css=&#8220;.vc_custom_1658312284467{background-image: url(\/wp-content\/uploads\/2022\/07\/opc.png?id=239) !important;}&#8220;][vc_row el_id=&#8220;activity-intro-heading-row&#8220;][vc_column][vc_column_text] OPC &#8211; Planung, Steuerung und Koordination der Baustelle [\/vc_column_text][\/vc_column][\/vc_row][vc_row full_width=&#8220;stretch_row_content_no_spaces&#8220;][vc_column][vc_single_image image=&#8220;239&#8243; img_size=&#8220;full&#8220; alignment=&#8220;center&#8220; el_class=&#8220;no-space-img&#8220;][vc_column_text el_class=&#8220;hidden&#8220;]Wir \u00fcbernehmen das Zeitmanagement von<span class=\"excerpt-hellip\"> [\u2026]<\/span><\/p>\n","protected":false},"author":1,"featured_media":242,"parent":484,"menu_order":0,"comment_status":"closed","ping_status":"closed","template":"","meta":{"footnotes":""},"class_list":["post-513","page","type-page","status-publish","has-post-thumbnail","hentry"],"yoast_head":"<!-- This site is optimized with the Yoast SEO plugin v19.14 - https:\/\/yoast.com\/wordpress\/plugins\/seo\/ -->\n<title>OPC - Planung, Steuerung und Koordination der Baustelle - SC France<\/title>\n<meta name=\"robots\" content=\"index, follow, max-snippet:-1, max-image-preview:large, max-video-preview:-1\" \/>\n<link rel=\"canonical\" href=\"https:\/\/sc-france.fr\/de\/taetigkeitsfelder\/opc-planung-steuerung-und-koordination-der-baustelle\/\" \/>\n<meta property=\"og:locale\" content=\"de_DE\" \/>\n<meta property=\"og:type\" content=\"article\" \/>\n<meta property=\"og:title\" content=\"OPC - Planung, Steuerung und Koordination der Baustelle - SC France\" \/>\n<meta property=\"og:description\" content=\"[vc_section full_width=&#8220;stretch_row&#8220; el_id=&#8220;activity-intro&#8220; css=&#8220;.vc_custom_1658312284467{background-image: url(\/wp-content\/uploads\/2022\/07\/opc.png?id=239) !important;}&#8220;][vc_row el_id=&#8220;activity-intro-heading-row&#8220;][vc_column][vc_column_text] OPC &#8211; Planung, Steuerung und Koordination der Baustelle [\/vc_column_text][\/vc_column][\/vc_row][vc_row full_width=&#8220;stretch_row_content_no_spaces&#8220;][vc_column][vc_single_image image=&#8220;239&#8243; img_size=&#8220;full&#8220; alignment=&#8220;center&#8220; el_class=&#8220;no-space-img&#8220;][vc_column_text el_class=&#8220;hidden&#8220;]Wir \u00fcbernehmen das Zeitmanagement von [\u2026]\" \/>\n<meta property=\"og:url\" content=\"https:\/\/sc-france.fr\/de\/taetigkeitsfelder\/opc-planung-steuerung-und-koordination-der-baustelle\/\" \/>\n<meta property=\"og:site_name\" content=\"SC France\" \/>\n<meta property=\"article:modified_time\" content=\"2022-08-31T14:38:57+00:00\" \/>\n<meta property=\"og:image\" content=\"https:\/\/sc-france.fr\/wp-content\/uploads\/2022\/07\/opc-featured.jpg\" \/>\n\t<meta property=\"og:image:width\" content=\"1200\" \/>\n\t<meta property=\"og:image:height\" content=\"900\" \/>\n\t<meta property=\"og:image:type\" content=\"image\/jpeg\" \/>\n<meta name=\"twitter:card\" content=\"summary_large_image\" \/>\n<meta name=\"twitter:label1\" content=\"Gesch\u00e4tzte Lesezeit\" \/>\n\t<meta name=\"twitter:data1\" content=\"1\u00a0Minute\" \/>\n<script type=\"application\/ld+json\" class=\"yoast-schema-graph\">{\"@context\":\"https:\/\/schema.org\",\"@graph\":[{\"@type\":\"WebPage\",\"@id\":\"https:\/\/sc-france.fr\/de\/taetigkeitsfelder\/opc-planung-steuerung-und-koordination-der-baustelle\/\",\"url\":\"https:\/\/sc-france.fr\/de\/taetigkeitsfelder\/opc-planung-steuerung-und-koordination-der-baustelle\/\",\"name\":\"OPC - Planung, Steuerung und Koordination der Baustelle - SC France\",\"isPartOf\":{\"@id\":\"https:\/\/sc-france.fr\/#website\"},\"datePublished\":\"2022-07-19T11:28:47+00:00\",\"dateModified\":\"2022-08-31T14:38:57+00:00\",\"breadcrumb\":{\"@id\":\"https:\/\/sc-france.fr\/de\/taetigkeitsfelder\/opc-planung-steuerung-und-koordination-der-baustelle\/#breadcrumb\"},\"inLanguage\":\"de\",\"potentialAction\":[{\"@type\":\"ReadAction\",\"target\":[\"https:\/\/sc-france.fr\/de\/taetigkeitsfelder\/opc-planung-steuerung-und-koordination-der-baustelle\/\"]}]},{\"@type\":\"BreadcrumbList\",\"@id\":\"https:\/\/sc-france.fr\/de\/taetigkeitsfelder\/opc-planung-steuerung-und-koordination-der-baustelle\/#breadcrumb\",\"itemListElement\":[{\"@type\":\"ListItem\",\"position\":1,\"name\":\"Home\",\"item\":\"https:\/\/sc-france.fr\/de\/\"},{\"@type\":\"ListItem\",\"position\":2,\"name\":\"T\u00e4tigkeitsfelder\",\"item\":\"https:\/\/sc-france.fr\/de\/taetigkeitsfelder\/\"},{\"@type\":\"ListItem\",\"position\":3,\"name\":\"OPC &#8211; Planung, Steuerung und Koordination der Baustelle\"}]},{\"@type\":\"WebSite\",\"@id\":\"https:\/\/sc-france.fr\/#website\",\"url\":\"https:\/\/sc-france.fr\/\",\"name\":\"SC France\",\"description\":\"Un site utilisant WordPress\",\"inLanguage\":\"de\"}]}<\/script>\n<!-- \/ Yoast SEO plugin. -->","yoast_head_json":{"title":"OPC - Planung, Steuerung und Koordination der Baustelle - SC France","robots":{"index":"index","follow":"follow","max-snippet":"max-snippet:-1","max-image-preview":"max-image-preview:large","max-video-preview":"max-video-preview:-1"},"canonical":"https:\/\/sc-france.fr\/de\/taetigkeitsfelder\/opc-planung-steuerung-und-koordination-der-baustelle\/","og_locale":"de_DE","og_type":"article","og_title":"OPC - Planung, Steuerung und Koordination der Baustelle - SC France","og_description":"[vc_section full_width=&#8220;stretch_row&#8220; el_id=&#8220;activity-intro&#8220; css=&#8220;.vc_custom_1658312284467{background-image: url(\/wp-content\/uploads\/2022\/07\/opc.png?id=239) !important;}&#8220;][vc_row el_id=&#8220;activity-intro-heading-row&#8220;][vc_column][vc_column_text] OPC &#8211; Planung, Steuerung und Koordination der Baustelle [\/vc_column_text][\/vc_column][\/vc_row][vc_row full_width=&#8220;stretch_row_content_no_spaces&#8220;][vc_column][vc_single_image image=&#8220;239&#8243; img_size=&#8220;full&#8220; alignment=&#8220;center&#8220; el_class=&#8220;no-space-img&#8220;][vc_column_text el_class=&#8220;hidden&#8220;]Wir \u00fcbernehmen das Zeitmanagement von [\u2026]","og_url":"https:\/\/sc-france.fr\/de\/taetigkeitsfelder\/opc-planung-steuerung-und-koordination-der-baustelle\/","og_site_name":"SC France","article_modified_time":"2022-08-31T14:38:57+00:00","og_image":[{"width":1200,"height":900,"url":"https:\/\/sc-france.fr\/wp-content\/uploads\/2022\/07\/opc-featured.jpg","type":"image\/jpeg"}],"twitter_card":"summary_large_image","twitter_misc":{"Gesch\u00e4tzte Lesezeit":"1\u00a0Minute"},"schema":{"@context":"https:\/\/schema.org","@graph":[{"@type":"WebPage","@id":"https:\/\/sc-france.fr\/de\/taetigkeitsfelder\/opc-planung-steuerung-und-koordination-der-baustelle\/","url":"https:\/\/sc-france.fr\/de\/taetigkeitsfelder\/opc-planung-steuerung-und-koordination-der-baustelle\/","name":"OPC - Planung, Steuerung und Koordination der Baustelle - SC France","isPartOf":{"@id":"https:\/\/sc-france.fr\/#website"},"datePublished":"2022-07-19T11:28:47+00:00","dateModified":"2022-08-31T14:38:57+00:00","breadcrumb":{"@id":"https:\/\/sc-france.fr\/de\/taetigkeitsfelder\/opc-planung-steuerung-und-koordination-der-baustelle\/#breadcrumb"},"inLanguage":"de","potentialAction":[{"@type":"ReadAction","target":["https:\/\/sc-france.fr\/de\/taetigkeitsfelder\/opc-planung-steuerung-und-koordination-der-baustelle\/"]}]},{"@type":"BreadcrumbList","@id":"https:\/\/sc-france.fr\/de\/taetigkeitsfelder\/opc-planung-steuerung-und-koordination-der-baustelle\/#breadcrumb","itemListElement":[{"@type":"ListItem","position":1,"name":"Home","item":"https:\/\/sc-france.fr\/de\/"},{"@type":"ListItem","position":2,"name":"T\u00e4tigkeitsfelder","item":"https:\/\/sc-france.fr\/de\/taetigkeitsfelder\/"},{"@type":"ListItem","position":3,"name":"OPC &#8211; Planung, Steuerung und Koordination der Baustelle"}]},{"@type":"WebSite","@id":"https:\/\/sc-france.fr\/#website","url":"https:\/\/sc-france.fr\/","name":"SC France","description":"Un site utilisant WordPress","inLanguage":"de"}]}},"_links":{"self":[{"href":"https:\/\/sc-france.fr\/de\/wp-json\/wp\/v2\/pages\/513","targetHints":{"allow":["GET"]}}],"collection":[{"href":"https:\/\/sc-france.fr\/de\/wp-json\/wp\/v2\/pages"}],"about":[{"href":"https:\/\/sc-france.fr\/de\/wp-json\/wp\/v2\/types\/page"}],"author":[{"embeddable":true,"href":"https:\/\/sc-france.fr\/de\/wp-json\/wp\/v2\/users\/1"}],"replies":[{"embeddable":true,"href":"https:\/\/sc-france.fr\/de\/wp-json\/wp\/v2\/comments?post=513"}],"version-history":[{"count":3,"href":"https:\/\/sc-france.fr\/de\/wp-json\/wp\/v2\/pages\/513\/revisions"}],"predecessor-version":[{"id":724,"href":"https:\/\/sc-france.fr\/de\/wp-json\/wp\/v2\/pages\/513\/revisions\/724"}],"up":[{"embeddable":true,"href":"https:\/\/sc-france.fr\/de\/wp-json\/wp\/v2\/pages\/484"}],"wp:featuredmedia":[{"embeddable":true,"href":"https:\/\/sc-france.fr\/de\/wp-json\/wp\/v2\/media\/242"}],"wp:attachment":[{"href":"https:\/\/sc-france.fr\/de\/wp-json\/wp\/v2\/media?parent=513"}],"curies":[{"name":"wp","href":"https:\/\/api.w.org\/{rel}","templated":true}]}}