{"id":673,"date":"2022-07-19T13:26:53","date_gmt":"2022-07-19T11:26:53","guid":{"rendered":"http:\/\/sc-france.fr\/societe\/"},"modified":"2024-07-08T10:51:55","modified_gmt":"2024-07-08T08:51:55","slug":"das-unternehmen","status":"publish","type":"page","link":"https:\/\/sc-france.fr\/de\/das-unternehmen\/","title":{"rendered":"Das Unternehmen"},"content":{"rendered":"<p>[vc_section full_width=&#8220;stretch_row&#8220; el_id=&#8220;intro&#8220; css=&#8220;.vc_custom_1658750603056{background: #022e59 url(\/wp-content\/uploads\/2022\/07\/Group-614-2.png?id=628) !important;}&#8220;][vc_row][vc_column width=&#8220;1\/2&#8243;][vc_column_text]<\/p>\n<h1 class=\"upper\">\u00dcber uns<\/h1>\n<p>[\/vc_column_text][\/vc_column][vc_column width=&#8220;1\/2&#8243;][\/vc_column][\/vc_row][vc_row full_width=&#8220;stretch_row_content_no_spaces&#8220; el_class=&#8220;skew-bot-row skew-bot-row-light&#8220;][vc_column][\/vc_column][\/vc_row][\/vc_section][vc_section full_width=&#8220;stretch_row&#8220; css=&#8220;.vc_custom_1644421860392{background-color: #004488 !important;}&#8220; el_class=&#8220;top-pad-4&#8243;][vc_row el_class=&#8220;squeeze-row&#8220;][vc_column][vc_column_text el_class=&#8220;white&#8220;]Das unabh\u00e4ngige Ingenieurb\u00fcro SC France hat sich auf den <strong>konstruktiven Ingenieurbau <\/strong>(Stahlbeton, Stahl, Holz) f\u00fcr Geb\u00e4ude und Ingenieurbauwerke, <strong>die Baustellenkoordination (Projektmanagement und Baubetreuung)<\/strong> sowie die <strong>Projektierung von Infrastrukturanlagen <\/strong>spezialisiert. Dank einer fast 40-j\u00e4hrigen Erfahrung in diesen verschiedenen T\u00e4tigkeitsfeldern haben unsere Kunden die Gewissheit, dass wir ihre Bauvorhaben unter Einhaltung der gesetzlichen Vorschriften und der Regeln der Technik ausf\u00fchren, optimale technische L\u00f6sungen einsetzen, eine Kostenkontrolle vornehmen und auf die Einhaltung der Deadlines achten.<\/p>\n<p>Unsere Projekte auf internationaler Ebene: Luxemburg, Deutschland, Belgien, Benin, Kap Verde, Mauritius, Madagaskar, Malaysia, Mauretanien, Niger, Zentralafrikanische Republik, Ruanda, Senegal, Tansania \u2026[\/vc_column_text][vc_btn title=&#8220;Fiche de prestations&#8220; align=&#8220;center&#8220; link=&#8220;url:%2Fwp-content%2Fuploads%2F2022%2F07%2FSCF_Plaquette_A3_20210304_web.pdf|target:_blank|rel:nofollow&#8220; el_class=&#8220;cta-btn cta-btn-white hidden&#8220;][\/vc_column][\/vc_row][vc_row full_width=&#8220;stretch_row_content_no_spaces&#8220; el_class=&#8220;skew-bot-row skew-bot-row-special&#8220;][vc_column][\/vc_column][\/vc_row][\/vc_section][vc_section full_width=&#8220;stretch_row&#8220; css=&#8220;.vc_custom_1655113838842{background-color: #00285b !important;}&#8220; el_class=&#8220;top-pad-6&#8243;][vc_row][vc_column][vc_column_text]<\/p>\n<h2 class=\"al-center white upper bot-mar-2\">Die Bausteine unseres Erfolgs<\/h2>\n<p>[\/vc_column_text][\/vc_column][\/vc_row][vc_row el_id=&#8220;value-row&#8220;][vc_column width=&#8220;1\/3&#8243;][vc_single_image image=&#8220;636&#8243; img_size=&#8220;full&#8220; alignment=&#8220;center&#8220;][vc_column_text el_class=&#8220;white&#8220;]<\/p>\n<h3 class=\"upper\">Qualit\u00e4t<\/h3>\n<p><strong>Kundenzufriedenheit <\/strong>genie\u00dft bei uns h\u00f6chste Priorit\u00e4t. Um seinen hohen Qualit\u00e4tsanspr\u00fcchen Rechnung zu tragen, ist das <strong>Konstruktionsb\u00fcro seit 2006 nach ISO 9001 zertifiziert<\/strong>. Die Qualit\u00e4t unserer Leistungen beruht auf vier S\u00e4ulen:<\/p>\n<ul id=\"quality-shift-list\">\n<li><strong>Effiziente Beratung und Unterst\u00fctzung<\/strong>, indem wir f\u00fcr unsere Kunden da sind und ein offenes Ohr f\u00fcr ihre Anliegen haben;<\/li>\n<li><strong>Suche nach geeigneten und optimalen L\u00f6sungen<\/strong>, was Technik, Kosten, Umweltschutz und menschliche Aspekte angeht;<\/li>\n<li><strong>Einhaltung der Deadlines<\/strong>;<\/li>\n<li><strong>Innovation<\/strong> durch die Suche nach neuen L\u00f6sungen, um einen <strong>kontinuierlichen Fortschritt zu gew\u00e4hrleisten<\/strong>.<\/li>\n<\/ul>\n<p>[\/vc_column_text][vc_single_image image=&#8220;638&#8243; img_size=&#8220;full&#8220; alignment=&#8220;center&#8220; css=&#8220;.vc_custom_1658750808110{margin-bottom: 0px !important;}&#8220;][\/vc_column][vc_column width=&#8220;1\/3&#8243;][vc_single_image image=&#8220;634&#8243; img_size=&#8220;full&#8220; alignment=&#8220;center&#8220;][vc_column_text el_class=&#8220;white&#8220;]<\/p>\n<h3 class=\"upper\">Interdisziplinarit\u00e4t<\/h3>\n<p><strong>Die Interdisziplinarit\u00e4t <\/strong>unseres Wissens wird durch ein Team gew\u00e4hrleistet, das sich aus <strong>spezialisierten Ingenieuren <\/strong>und <strong>erfahrenen Zeichnern <\/strong>zusammensetzen, die stets <strong>auf der Suche nach neuen Herausforderungen <\/strong>sind. Dar\u00fcber hinaus hat das Unternehmen seine Leistungen um den Bereich des nachhaltigen Bauens erweitert.[\/vc_column_text][\/vc_column][vc_column width=&#8220;1\/3&#8243;][vc_single_image image=&#8220;632&#8243; img_size=&#8220;full&#8220; alignment=&#8220;center&#8220;][vc_column_text el_class=&#8220;white&#8220;]<\/p>\n<h3 class=\"upper\">Exzellenz<\/h3>\n<p>Die <strong>Vortrefflichkeit unserer Leistungen <\/strong>ist nicht nur auf die Sorgfalt, mit der wir <strong>jeden unserer Pl\u00e4ne und Berichte <\/strong>erstellen, und die interne Organisation des Unternehmens, sondern auch auf die <strong>fortlaufende Weiterbildung unseres Personals <\/strong>und die <strong>analytischen F\u00e4higkeiten <\/strong>unserer Mitarbeiter zur\u00fcckzuf\u00fchren.[\/vc_column_text][\/vc_column][\/vc_row][vc_row full_width=&#8220;stretch_row_content_no_spaces&#8220; el_class=&#8220;skew-bot-row skew-bot-row-white top-mar-4&#8243;][vc_column][\/vc_column][\/vc_row][\/vc_section][vc_section el_class=&#8220;team-sec top-pad-4&#8243;][vc_row][vc_column][vc_column_text]<\/p>\n<h2 class=\"al-center upper bot-mar-3\">Gesch\u00e4ftsf\u00fchrer<\/h2>\n<p>[\/vc_column_text][\/vc_column][\/vc_row][vc_row equal_height=&#8220;yes&#8220; el_class=&#8220;team-row&#8220;][vc_column width=&#8220;1\/3&#8243;][vc_single_image image=&#8220;646&#8243; img_size=&#8220;full&#8220; alignment=&#8220;center&#8220; el_class=&#8220;no-space-img&#8220;][vc_column_text el_class=&#8220;team-social-overlay&#8220;]<a href=\"https:\/\/www.linkedin.com\/in\/olivier-webert-9360895a\/\" target=\"_blank\" rel=\"nofollow noopener\"><i class=\"fab fa-linkedin-in\"><span class=\"social-placeholder\">.<\/span><\/i><\/a>[\/vc_column_text][vc_column_text el_class=&#8220;team-desc&#8220;]<\/p>\n<h6>Olivier WEBERT<\/h6>\n<p><span class=\"team-position colored\">Co-g\u00e9rant<br \/>\nIng\u00e9nieur dipl\u00f4m\u00e9<\/span>[\/vc_column_text][\/vc_column][vc_column width=&#8220;1\/3&#8243;][vc_single_image image=&#8220;626&#8243; img_size=&#8220;full&#8220; alignment=&#8220;center&#8220; el_class=&#8220;no-space-img&#8220;][vc_column_text el_class=&#8220;team-social-overlay&#8220;]<a href=\"https:\/\/www.linkedin.com\/in\/arnaud-herve-93064092\/\" target=\"_blank\" rel=\"nofollow noopener\"><i class=\"fab fa-linkedin-in\"><span class=\"social-placeholder\">.<\/span><\/i><\/a>[\/vc_column_text][vc_column_text el_class=&#8220;team-desc&#8220;]<\/p>\n<h6>Arnaud HERV\u00c9<\/h6>\n<p><span class=\"team-position colored\">Co-g\u00e9rant<br \/>\nIng\u00e9nieur dipl\u00f4m\u00e9 CHEBAP<\/span>[\/vc_column_text][\/vc_column][vc_column width=&#8220;1\/3&#8243;][vc_single_image image=&#8220;640&#8243; img_size=&#8220;full&#8220; alignment=&#8220;center&#8220; el_class=&#8220;no-space-img&#8220;][vc_column_text el_class=&#8220;team-social-overlay&#8220;]<a href=\"https:\/\/www.linkedin.com\/in\/j\u00e9r\u00e9my-szefer-8952311b2\/\" target=\"_blank\" rel=\"nofollow noopener\"><i class=\"fab fa-linkedin-in\"><span class=\"social-placeholder\">.<\/span><\/i><\/a>[\/vc_column_text][vc_column_text el_class=&#8220;team-desc&#8220;]<\/p>\n<h6>J\u00e9r\u00e9my SZEFER<\/h6>\n<p><span class=\"team-position colored\">Associ\u00e9<br \/>\nTechnicien Sup\u00e9rieur \/ Ma\u00eetre d\u2019oeuvre<\/span>[\/vc_column_text][\/vc_column][\/vc_row][\/vc_section][vc_section full_width=&#8220;stretch_row&#8220; css=&#8220;.vc_custom_1658751080708{padding-top: 0px !important;background-image: url(\/wp-content\/uploads\/2022\/07\/Mask-Group-176.jpg?id=644) !important;}&#8220;][vc_row full_width=&#8220;stretch_row_content_no_spaces&#8220; el_class=&#8220;skew-top-row skew-top-row-white&#8220;][vc_column][\/vc_column][\/vc_row][vc_row equal_height=&#8220;yes&#8220; content_placement=&#8220;middle&#8220; el_class=&#8220;top-mar-4&#8243;][vc_column width=&#8220;1\/3&#8243;][vc_single_image image=&#8220;642&#8243; img_size=&#8220;full&#8220; alignment=&#8220;center&#8220; css=&#8220;.vc_custom_1658751094687{margin-bottom: 0px !important;}&#8220;][\/vc_column][vc_column width=&#8220;2\/3&#8243;][vc_column_text el_class=&#8220;al-center&#8220;]<\/p>\n<h3 id=\"rse-heading\" class=\"upper colored\"><strong>Unser CSRS-Ansatz<\/strong><\/h3>\n<p>[\/vc_column_text][vc_column_text el_class=&#8220;bordered-content black&#8220;]Unser Unternehmen hat sich den mit unserem CSR-Ansatz (Corporate Social Responsibility) verbundenen gesellschaftlichen und umweltbezogenen Werten verschrieben und setzt diese im Arbeitsalltag um. Die Verwaltung der CSR-Strategie erfolgt, ebenso wie die Qualit\u00e4tssicherung, zentral f\u00fcr die gesamte Gruppe. Somit sorgt das integrierte Managementsystem (IMS) f\u00fcr <strong>die \u00dcberwachung und Umsetzung der entsprechenden Ma\u00dfnahmen<\/strong>.[\/vc_column_text][vc_btn title=&#8220;Mehr dazu&#8220; align=&#8220;center&#8220; link=&#8220;url:https%3A%2F%2Flsc-group.lu%2Fde%2Funsere-strategie%2F|target:_blank&#8220; el_class=&#8220;cta-btn&#8220;][\/vc_column][\/vc_row][vc_row full_width=&#8220;stretch_row_content_no_spaces&#8220; el_class=&#8220;skew-bot-row skew-bot-row-white&#8220;][vc_column][\/vc_column][\/vc_row][\/vc_section][vc_section el_class=&#8220;top-mar-4&#8243;][vc_row][vc_column][vc_column_text]<\/p>\n<h2 class=\"colored al-center upper\"><strong>Die Gruppe<\/strong><\/h2>\n<p>[\/vc_column_text][vc_column_text el_class=&#8220;black&#8220;]Die <strong>LSC Engineering Group<\/strong>, die aus der langj\u00e4hrigen Zusammenarbeit von Simon-Christiansen &amp; Associ\u00e9s mit Luxplan hervorgegangen ist, umfasst heute <strong>neun Unternehmen in Luxemburg <\/strong>und <strong>sechs Unternehmen im Ausland<\/strong>.<\/p>\n<p>Diese Unternehmen b\u00fcndeln jeden Tag ihr Know-how, um den Anforderungen des Markts im <strong>Baubereich und auf dem Gebiet der Raumordnung <\/strong>gerecht zu werden. Mit den angebotenen Leistungen strebt die Gruppe danach, die Bau-, Renovierungs- oder Umbauprojekte <strong>ihrer Kunden in allen Phasen betreuen zu k\u00f6nnen<\/strong>.<\/p>\n<p>Dank des Engagements und des Fachwissens ihres erfahrenen und bereichs\u00fcbergreifend t\u00e4tigen Personals konnte sich die Gruppe im Laufe ihres <strong>44-j\u00e4hrigen Bestehens <\/strong>zu einem <strong>der Marktf\u00fchrer dieser Branche in Luxemburg<\/strong> aufschwingen. Heute hat die Gruppe, die sich durch die Vielfalt ihrer Besch\u00e4ftigten auszeichnet, mehr als <strong>300 Mitarbeiter<\/strong>, wobei sich die Teams aus jungen, dynamischen Talenten und erfahrenen Arbeitnehmern zusammensetzen.[\/vc_column_text][\/vc_column][\/vc_row][vc_row][vc_column][vc_btn title=&#8220;Mehr \u00fcber die Gruppe erfahren&#8220; align=&#8220;center&#8220; link=&#8220;url:https%3A%2F%2Flsc-group.lu|target:_blank&#8220; el_class=&#8220;cta-btn&#8220;][\/vc_column][\/vc_row][vc_row][vc_column][vc_column_text el_class=&#8220;al-center black bordered-content top-mar-4 bot-mar-4&#8243;]<strong>Die h\u00e4ufige Zusammenarbeit mit den anderen Konzerngesellschaften stellt einen betr\u00e4chtlichen Vorteil f\u00fcr SC France dar. Denn obwohl wir eine breite Palette an Leistungen anbieten, m\u00fcssen wir immer wieder mit erstklassigen Partnerb\u00fcros zusammenarbeiten, um auch komplexe Projekte erfolgreich ausf\u00fchren zu k\u00f6nnen.<\/strong>[\/vc_column_text][\/vc_column][\/vc_row][vc_row][vc_column][vc_images_carousel images=&#8220;714,654,668,656,658,662,749,664,666,741,732,652,739,660,781&#8243; img_size=&#8220;full&#8220; onclick=&#8220;custom_link&#8220; custom_links_target=&#8220;_blank&#8220; speed=&#8220;3000&#8243; slides_per_view=&#8220;5&#8243; autoplay=&#8220;yes&#8220; hide_pagination_control=&#8220;yes&#8220; wrap=&#8220;yes&#8220; el_id=&#8220;company-logos&#8220; custom_links=&#8220;#E-8_aHR0cHMlM0ElMkYlMkZiZmgtaW5nZW5pZXVyZS5kZSUyRiUyQ2h0dHBzJTNBJTJGJTJGYnNjLmx1JTJGJTJDaHR0cHMlM0ElMkYlMkZkZXZvbHV4Lmx1JTJGJTJDaHR0cHMlM0ElMkYlMkZnZW9jb25zZWlscy5sdSUyRiUyQ2h0dHBzJTNBJTJGJTJGZ2VvY29uc2VpbHMubHUlMkYlMkNodHRwcyUzQSUyRiUyRmludGVyYWxpYS5sdSUyRiUyQ2h0dHBzJTNBJTJGJTJGbHNjLWVudi5sdSUyRiUyQ2h0dHBzJTNBJTJGJTJGbHV4cGxhbi5sdSUyRiUyQ2h0dHBzJTNBJTJGJTJGbHV4c2Vuc2UubHUlMkYlMkNodHRwcyUzQSUyRiUyRmNhcmxvLW1lcnNjaC5sdSUyQ2h0dHBzJTNBJTJGJTJGc2NhZnJpcXVlLmNvbSUyRiUyQ2h0dHBzJTNBJTJGJTJGc2ltb24tY2hyaXN0aWFuc2VuLmx1JTJGJTJDaHR0cHMlM0ElMkYlMkZza2lsbHNjZW50ZXIubHUlMkYlMkNodHRwcyUzQSUyRiUyRnppbG1wbGFuLmx1JTJG&#8220;][\/vc_column][\/vc_row][vc_row full_width=&#8220;stretch_row_content_no_spaces&#8220; el_class=&#8220;skew-bot-row skew-bot-row-light&#8220;][vc_column][\/vc_column][\/vc_row][\/vc_section][vc_section full_width=&#8220;stretch_row&#8220; css=&#8220;.vc_custom_1655116414362{background-color: #004488 !important;}&#8220;][vc_row][vc_column][vc_column_text]<\/p>\n<h2 class=\"al-center upper white\">Unsere Partner<\/h2>\n<p>[\/vc_column_text][vc_column_text el_class=&#8220;white al-center&#8220;]Wir arbeiten auch mit anderen Unternehmen zusammen, die auf dem nationalen und internationalen Markt t\u00e4tig sind, insbesondere bei der Planung und Ausf\u00fchrung von Gro\u00dfprojekten.[\/vc_column_text][\/vc_column][\/vc_row][vc_row el_id=&#8220;partner-infos-row&#8220;][vc_column width=&#8220;1\/3&#8243;][\/vc_column][vc_column width=&#8220;1\/3&#8243;][vc_single_image image=&#8220;630&#8243; img_size=&#8220;full&#8220; alignment=&#8220;center&#8220; css=&#8220;.vc_custom_1658751166673{margin-bottom: 0px !important;}&#8220;][vc_column_text el_class=&#8220;al-center&#8220;]<strong class=\"al-center white big upper\">Terra G.O.<\/strong>[\/vc_column_text][vc_column_text el_class=&#8220;white al-center partner-info-content&#8220;]Amtliches Vermessungsburo in Luxemburg[\/vc_column_text][vc_btn title=&#8220;Website ansehen&#8220; align=&#8220;center&#8220; link=&#8220;url:http%3A%2F%2Fterra-go.lu%2Findex.php%2Ffr%2Fsociete|target:_blank|rel:nofollow&#8220; el_class=&#8220;cta-btn cta-btn-white upper&#8220;][\/vc_column][vc_column width=&#8220;1\/3&#8243;][\/vc_column][\/vc_row][\/vc_section]<\/p>\n","protected":false},"excerpt":{"rendered":"<p>[vc_section full_width=&#8220;stretch_row&#8220; el_id=&#8220;intro&#8220; css=&#8220;.vc_custom_1658750603056{background: #022e59 url(\/wp-content\/uploads\/2022\/07\/Group-614-2.png?id=628) !important;}&#8220;][vc_row][vc_column width=&#8220;1\/2&#8243;][vc_column_text] \u00dcber uns [\/vc_column_text][\/vc_column][vc_column width=&#8220;1\/2&#8243;][\/vc_column][\/vc_row][vc_row full_width=&#8220;stretch_row_content_no_spaces&#8220; el_class=&#8220;skew-bot-row skew-bot-row-light&#8220;][vc_column][\/vc_column][\/vc_row][\/vc_section][vc_section full_width=&#8220;stretch_row&#8220; css=&#8220;.vc_custom_1644421860392{background-color: #004488 !important;}&#8220; el_class=&#8220;top-pad-4&#8243;][vc_row el_class=&#8220;squeeze-row&#8220;][vc_column][vc_column_text el_class=&#8220;white&#8220;]Das unabh\u00e4ngige Ingenieurb\u00fcro SC France<span class=\"excerpt-hellip\"> [\u2026]<\/span><\/p>\n","protected":false},"author":1,"featured_media":0,"parent":0,"menu_order":0,"comment_status":"closed","ping_status":"closed","template":"","meta":{"footnotes":""},"class_list":["post-673","page","type-page","status-publish","hentry"],"yoast_head":"<!-- This site is optimized with the Yoast SEO plugin v19.14 - https:\/\/yoast.com\/wordpress\/plugins\/seo\/ -->\n<title>SC France - Beratende Ingenieurb\u00fcro - Vorstellung des Unternehmens<\/title>\n<meta name=\"robots\" content=\"index, follow, max-snippet:-1, max-image-preview:large, max-video-preview:-1\" \/>\n<link rel=\"canonical\" href=\"https:\/\/sc-france.fr\/de\/das-unternehmen\/\" \/>\n<meta property=\"og:locale\" content=\"de_DE\" \/>\n<meta property=\"og:type\" content=\"article\" \/>\n<meta property=\"og:title\" content=\"SC France - Beratende Ingenieurb\u00fcro - Vorstellung des Unternehmens\" \/>\n<meta property=\"og:description\" content=\"[vc_section full_width=&#8220;stretch_row&#8220; el_id=&#8220;intro&#8220; css=&#8220;.vc_custom_1658750603056{background: #022e59 url(\/wp-content\/uploads\/2022\/07\/Group-614-2.png?id=628) !important;}&#8220;][vc_row][vc_column width=&#8220;1\/2&#8243;][vc_column_text] \u00dcber uns [\/vc_column_text][\/vc_column][vc_column width=&#8220;1\/2&#8243;][\/vc_column][\/vc_row][vc_row full_width=&#8220;stretch_row_content_no_spaces&#8220; el_class=&#8220;skew-bot-row skew-bot-row-light&#8220;][vc_column][\/vc_column][\/vc_row][\/vc_section][vc_section full_width=&#8220;stretch_row&#8220; css=&#8220;.vc_custom_1644421860392{background-color: #004488 !important;}&#8220; el_class=&#8220;top-pad-4&#8243;][vc_row el_class=&#8220;squeeze-row&#8220;][vc_column][vc_column_text el_class=&#8220;white&#8220;]Das unabh\u00e4ngige Ingenieurb\u00fcro SC France [\u2026]\" \/>\n<meta property=\"og:url\" content=\"https:\/\/sc-france.fr\/de\/das-unternehmen\/\" \/>\n<meta property=\"og:site_name\" content=\"SC France\" \/>\n<meta property=\"article:modified_time\" content=\"2024-07-08T08:51:55+00:00\" \/>\n<meta name=\"twitter:card\" content=\"summary_large_image\" \/>\n<meta name=\"twitter:label1\" content=\"Gesch\u00e4tzte Lesezeit\" \/>\n\t<meta name=\"twitter:data1\" content=\"4\u00a0Minuten\" \/>\n<script type=\"application\/ld+json\" class=\"yoast-schema-graph\">{\"@context\":\"https:\/\/schema.org\",\"@graph\":[{\"@type\":\"WebPage\",\"@id\":\"https:\/\/sc-france.fr\/de\/das-unternehmen\/\",\"url\":\"https:\/\/sc-france.fr\/de\/das-unternehmen\/\",\"name\":\"SC France - Beratende Ingenieurb\u00fcro - Vorstellung des Unternehmens\",\"isPartOf\":{\"@id\":\"https:\/\/sc-france.fr\/#website\"},\"datePublished\":\"2022-07-19T11:26:53+00:00\",\"dateModified\":\"2024-07-08T08:51:55+00:00\",\"breadcrumb\":{\"@id\":\"https:\/\/sc-france.fr\/de\/das-unternehmen\/#breadcrumb\"},\"inLanguage\":\"de\",\"potentialAction\":[{\"@type\":\"ReadAction\",\"target\":[\"https:\/\/sc-france.fr\/de\/das-unternehmen\/\"]}]},{\"@type\":\"BreadcrumbList\",\"@id\":\"https:\/\/sc-france.fr\/de\/das-unternehmen\/#breadcrumb\",\"itemListElement\":[{\"@type\":\"ListItem\",\"position\":1,\"name\":\"Home\",\"item\":\"https:\/\/sc-france.fr\/de\/\"},{\"@type\":\"ListItem\",\"position\":2,\"name\":\"Das Unternehmen\"}]},{\"@type\":\"WebSite\",\"@id\":\"https:\/\/sc-france.fr\/#website\",\"url\":\"https:\/\/sc-france.fr\/\",\"name\":\"SC France\",\"description\":\"Un site utilisant WordPress\",\"inLanguage\":\"de\"}]}<\/script>\n<!-- \/ Yoast SEO plugin. -->","yoast_head_json":{"title":"SC France - Beratende Ingenieurb\u00fcro - Vorstellung des Unternehmens","robots":{"index":"index","follow":"follow","max-snippet":"max-snippet:-1","max-image-preview":"max-image-preview:large","max-video-preview":"max-video-preview:-1"},"canonical":"https:\/\/sc-france.fr\/de\/das-unternehmen\/","og_locale":"de_DE","og_type":"article","og_title":"SC France - Beratende Ingenieurb\u00fcro - Vorstellung des Unternehmens","og_description":"[vc_section full_width=&#8220;stretch_row&#8220; el_id=&#8220;intro&#8220; css=&#8220;.vc_custom_1658750603056{background: #022e59 url(\/wp-content\/uploads\/2022\/07\/Group-614-2.png?id=628) !important;}&#8220;][vc_row][vc_column width=&#8220;1\/2&#8243;][vc_column_text] \u00dcber uns [\/vc_column_text][\/vc_column][vc_column width=&#8220;1\/2&#8243;][\/vc_column][\/vc_row][vc_row full_width=&#8220;stretch_row_content_no_spaces&#8220; el_class=&#8220;skew-bot-row skew-bot-row-light&#8220;][vc_column][\/vc_column][\/vc_row][\/vc_section][vc_section full_width=&#8220;stretch_row&#8220; css=&#8220;.vc_custom_1644421860392{background-color: #004488 !important;}&#8220; el_class=&#8220;top-pad-4&#8243;][vc_row el_class=&#8220;squeeze-row&#8220;][vc_column][vc_column_text el_class=&#8220;white&#8220;]Das unabh\u00e4ngige Ingenieurb\u00fcro SC France [\u2026]","og_url":"https:\/\/sc-france.fr\/de\/das-unternehmen\/","og_site_name":"SC France","article_modified_time":"2024-07-08T08:51:55+00:00","twitter_card":"summary_large_image","twitter_misc":{"Gesch\u00e4tzte Lesezeit":"4\u00a0Minuten"},"schema":{"@context":"https:\/\/schema.org","@graph":[{"@type":"WebPage","@id":"https:\/\/sc-france.fr\/de\/das-unternehmen\/","url":"https:\/\/sc-france.fr\/de\/das-unternehmen\/","name":"SC France - Beratende Ingenieurb\u00fcro - Vorstellung des Unternehmens","isPartOf":{"@id":"https:\/\/sc-france.fr\/#website"},"datePublished":"2022-07-19T11:26:53+00:00","dateModified":"2024-07-08T08:51:55+00:00","breadcrumb":{"@id":"https:\/\/sc-france.fr\/de\/das-unternehmen\/#breadcrumb"},"inLanguage":"de","potentialAction":[{"@type":"ReadAction","target":["https:\/\/sc-france.fr\/de\/das-unternehmen\/"]}]},{"@type":"BreadcrumbList","@id":"https:\/\/sc-france.fr\/de\/das-unternehmen\/#breadcrumb","itemListElement":[{"@type":"ListItem","position":1,"name":"Home","item":"https:\/\/sc-france.fr\/de\/"},{"@type":"ListItem","position":2,"name":"Das Unternehmen"}]},{"@type":"WebSite","@id":"https:\/\/sc-france.fr\/#website","url":"https:\/\/sc-france.fr\/","name":"SC France","description":"Un site utilisant WordPress","inLanguage":"de"}]}},"_links":{"self":[{"href":"https:\/\/sc-france.fr\/de\/wp-json\/wp\/v2\/pages\/673","targetHints":{"allow":["GET"]}}],"collection":[{"href":"https:\/\/sc-france.fr\/de\/wp-json\/wp\/v2\/pages"}],"about":[{"href":"https:\/\/sc-france.fr\/de\/wp-json\/wp\/v2\/types\/page"}],"author":[{"embeddable":true,"href":"https:\/\/sc-france.fr\/de\/wp-json\/wp\/v2\/users\/1"}],"replies":[{"embeddable":true,"href":"https:\/\/sc-france.fr\/de\/wp-json\/wp\/v2\/comments?post=673"}],"version-history":[{"count":8,"href":"https:\/\/sc-france.fr\/de\/wp-json\/wp\/v2\/pages\/673\/revisions"}],"predecessor-version":[{"id":783,"href":"https:\/\/sc-france.fr\/de\/wp-json\/wp\/v2\/pages\/673\/revisions\/783"}],"wp:attachment":[{"href":"https:\/\/sc-france.fr\/de\/wp-json\/wp\/v2\/media?parent=673"}],"curies":[{"name":"wp","href":"https:\/\/api.w.org\/{rel}","templated":true}]}}