{"id":683,"date":"2022-07-19T13:22:38","date_gmt":"2022-07-19T11:22:38","guid":{"rendered":"http:\/\/sc-france.fr\/home\/"},"modified":"2022-08-31T16:39:30","modified_gmt":"2022-08-31T14:39:30","slug":"home","status":"publish","type":"page","link":"https:\/\/sc-france.fr\/de\/","title":{"rendered":"Home"},"content":{"rendered":"<p>[vc_section full_width=&#8220;stretch_row&#8220; el_id=&#8220;intro&#8220; css=&#8220;.vc_custom_1658751907997{background: #004488 url(\/wp-content\/uploads\/2022\/07\/Group-614-3.png?id=676) !important;}&#8220;][vc_row][vc_column width=&#8220;1\/2&#8243;][\/vc_column][vc_column width=&#8220;1\/2&#8243;][vc_column_text]<\/p>\n<h1 class=\"upper\">SC France<\/h1>\n<p>[\/vc_column_text][vc_column_text el_class=&#8220;dark-colored&#8220; css=&#8220;.vc_custom_1658751929399{margin-bottom: 0px !important;}&#8220;]<strong>Das Ingenieurb\u00fcro SC France hat sich auf den konstruktiven Ingenieurbau (Stahlbeton, Stahl, Holz) f\u00fcr Geb\u00e4ude und Ingenieurbauwerke, die Baustellenkoordination (Projektmanagement und Baubetreuung) sowie die Projektierung von Infrastrukturanlagen spezialisiert.<\/strong>[\/vc_column_text][vc_btn title=&#8220;Mehr dazu&#8220; link=&#8220;url:%2Fde%2Fdas-unternehmen%2F|title:Das%20Unternehmen&#8220; el_class=&#8220;cta-btn upper&#8220;][\/vc_column][\/vc_row][vc_row full_width=&#8220;stretch_row_content_no_spaces&#8220; disable_element=&#8220;yes&#8220; el_class=&#8220;skew-bot-row skew-bot-row-light&#8220;][vc_column][\/vc_column][\/vc_row][\/vc_section][vc_section full_width=&#8220;stretch_row&#8220; css=&#8220;.vc_custom_1655205824191{background-color: #004488 !important;}&#8220; el_class=&#8220;top-pad-4&#8243; el_id=&#8220;home-activity-sec&#8220;][vc_row el_class=&#8220;bot-mar-4&#8243;][vc_column][vc_column_text el_class=&#8220;al-center white&#8220;]<\/p>\n<h2 class=\"upper\">T\u00e4tigkeitsfelder<\/h2>\n<p>[\/vc_column_text][\/vc_column][\/vc_row][vc_row el_id=&#8220;home-activity-slider-wrap&#8220;][vc_column][vc_row_inner][vc_column_inner][vc_single_image image=&#8220;122&#8243; img_size=&#8220;full&#8220; alignment=&#8220;center&#8220; onclick=&#8220;custom_link&#8220; el_class=&#8220;no-space-img&#8220; link=&#8220;\/de\/taetigkeitsfelder\/stadt-und-raumplanung\/&#8220;][vc_column_text]<\/p>\n<h3 class=\"activity-slider-head\">Stadt- und Raumplanung<\/h3>\n<p class=\"activity-slider-excerpt\">Wir f\u00fchren Stadt- und Landschaftsplanungen durch, die auf einem wirtschaftlichen und \u00f6kologischen Ansatz beruhen.<\/p>\n<p>[\/vc_column_text][\/vc_column_inner][\/vc_row_inner][vc_row_inner][vc_column_inner][vc_single_image image=&#8220;130&#8243; img_size=&#8220;full&#8220; alignment=&#8220;center&#8220; onclick=&#8220;custom_link&#8220; el_class=&#8220;no-space-img&#8220; link=&#8220;\/de\/taetigkeitsfelder\/unterstuetzung-der-bauherrenschaft\/&#8220;][vc_column_text]<\/p>\n<h3 class=\"activity-slider-head\">Unterst\u00fctzung der Bauherrenschaft<\/h3>\n<p class=\"activity-slider-excerpt\">Aufgrund von Arbeits\u00fcberlastung oder einfach nur, weil sie sich auf ihre urspr\u00fcngliche Arbeit konzentrieren m\u00f6chten, ben\u00f6tigen einige unserer Kunden in einer bestimmten Phase oder w\u00e4hrend der gesamten Dauer eines Projekts Unterst\u00fctzung&#8230;<\/p>\n<p>[\/vc_column_text][\/vc_column_inner][\/vc_row_inner][vc_row_inner][vc_column_inner][vc_single_image image=&#8220;146&#8243; img_size=&#8220;full&#8220; alignment=&#8220;center&#8220; onclick=&#8220;custom_link&#8220; el_class=&#8220;no-space-img&#8220; link=&#8220;\/de\/taetigkeitsfelder\/technische-expertise\/&#8220;][vc_column_text]<\/p>\n<h3 class=\"activity-slider-head\">Technische Expertise<\/h3>\n<p class=\"activity-slider-excerpt\">Wir bieten unsere technische Expertise f\u00fcr Kunden an, die technische Unterst\u00fctzung bei der Entscheidungsfindung ben\u00f6tigen, bevor sie mit Bauma\u00dfnahmen beginnen oder eine Immobilie kaufen.<\/p>\n<p>[\/vc_column_text][\/vc_column_inner][\/vc_row_inner][vc_row_inner][vc_column_inner][vc_single_image image=&#8220;162&#8243; img_size=&#8220;full&#8220; alignment=&#8220;center&#8220; onclick=&#8220;custom_link&#8220; el_class=&#8220;no-space-img&#8220; link=&#8220;\/de\/taetigkeitsfelder\/technische-gebaeudeausruestung\/&#8220;][vc_column_text]<\/p>\n<h3 class=\"activity-slider-head\">Technische Geb\u00e4udeausr\u00fcstung<\/h3>\n<p class=\"activity-slider-excerpt\">Je nach Wunsch unserer Kunden (\u00f6ffentliche oder private Bauherren, Architekten) \u00fcbernehmen wir den Auftrag der Technischen Geb\u00e4udeausr\u00fcstungin der Planungs- und\/oder Ausf\u00fchrungsphase<\/p>\n<p>[\/vc_column_text][\/vc_column_inner][\/vc_row_inner][vc_row_inner][vc_column_inner][vc_single_image image=&#8220;168&#8243; img_size=&#8220;full&#8220; alignment=&#8220;center&#8220; onclick=&#8220;custom_link&#8220; el_class=&#8220;no-space-img&#8220; link=&#8220;\/de\/taetigkeitsfelder\/infrastrukturplanung\/&#8220;][vc_column_text]<\/p>\n<h3 class=\"activity-slider-head\">Infrastrukturplanung<\/h3>\n<p class=\"activity-slider-excerpt\">Je nach Wunsch unserer Kunden erstellen wir Studien zur Infrastrukturplanung in der Planungs- und\/oder Ausf\u00fchrungsphase, wobei wir einen wirtschaftlichen und \u00f6kologischen Ansatz verfolgen.<\/p>\n<p>[\/vc_column_text][\/vc_column_inner][\/vc_row_inner][vc_row_inner][vc_column_inner][vc_single_image image=&#8220;210&#8243; img_size=&#8220;full&#8220; alignment=&#8220;center&#8220; onclick=&#8220;custom_link&#8220; el_class=&#8220;no-space-img&#8220; link=&#8220;\/de\/taetigkeitsfelder\/konstruktiver-ingenieurbau-tragwerksplanung\/&#8220;][vc_column_text]<\/p>\n<h3 class=\"activity-slider-head\">Konstruktiver Ingenieurbau, Tragwerksplanung<\/h3>\n<p class=\"activity-slider-excerpt\">Entdecken Sie unsere Leistungen im Bereich des konstruktiven Ingenieurbaus f\u00fcr Geb\u00e4ude, Ingenieurbauwerke, Umbauma\u00dfnahmen, Industriegeb\u00e4ude, Geb\u00e4ude aus Stahlbeton, Stahltragwerke oder Holzkonstruktionen usw.<\/p>\n<p>[\/vc_column_text][\/vc_column_inner][\/vc_row_inner][vc_row_inner][vc_column_inner][vc_single_image image=&#8220;241&#8243; img_size=&#8220;full&#8220; alignment=&#8220;center&#8220; onclick=&#8220;custom_link&#8220; el_class=&#8220;no-space-img&#8220; link=&#8220;\/de\/taetigkeitsfelder\/opc-planung-steuerung-und-koordination-der-baustelle\/&#8220;][vc_column_text]<\/p>\n<h3 class=\"activity-slider-head\">OPC &#8211; Planung, Steuerung und Koordination der Baustelle<\/h3>\n<p class=\"activity-slider-excerpt\">Wir \u00fcbernehmen das Zeitmanagement von der Entwurfs- und Ausf\u00fchrungsplanung bis zum Abschluss der Arbeiten.<\/p>\n<p>[\/vc_column_text][\/vc_column_inner][\/vc_row_inner][vc_row_inner][vc_column_inner][vc_single_image image=&#8220;268&#8243; img_size=&#8220;full&#8220; alignment=&#8220;center&#8220; onclick=&#8220;custom_link&#8220; el_class=&#8220;no-space-img&#8220; link=&#8220;\/de\/taetigkeitsfelder\/technische-leitung\/&#8220;][vc_column_text]<\/p>\n<h3 class=\"activity-slider-head\">Technische Leitung<\/h3>\n<p class=\"activity-slider-excerpt\">In Erg\u00e4nzung zum Architekten \u00fcbernehmen wir alle Aufgaben der technischen Gesamt- oder Teilprojektleitung nach den W\u00fcnschen des Kunden f\u00fcr alle Arten von Projekten.<\/p>\n<p>[\/vc_column_text][\/vc_column_inner][\/vc_row_inner][\/vc_column][\/vc_row][vc_row][vc_column][vc_raw_html]JTNDc2NyaXB0JTIwc3JjJTNEJTIyJTJGd3AtY29udGVudCUyRnBsdWdpbnMlMkZsc2MtZnJvbnRlbmQtZW50aXR5JTJGaW5jbHVkZXMlMkZvd2wtY2Fyb3VzZWwtMiUyRmRpc3QlMkZvd2wuY2Fyb3VzZWwubWluLmpzJTNGdmVyJTNENS45JTIyJTNFJTNDJTJGc2NyaXB0JTNFJTBBJTNDbGluayUyMHJlbCUzRCUyMnN0eWxlc2hlZXQlMjIlMjBpZCUzRCUyMm93bC1jYXJvdXNlbC1zdHlsZXMtY3NzJTIyJTIwaHJlZiUzRCUyMiUyRndwLWNvbnRlbnQlMkZwbHVnaW5zJTJGbHNjLWZyb250ZW5kLWVudGl0eSUyRmluY2x1ZGVzJTJGb3dsLWNhcm91c2VsLTIlMkZkaXN0JTJGYXNzZXRzJTJGb3dsLmNhcm91c2VsLmNzcyUzRnZlciUzRDUuOSUyMiUyMHR5cGUlM0QlMjJ0ZXh0JTJGY3NzJTIyJTIwbWVkaWElM0QlMjJhbGwlMjIlM0UlMEElMEElM0NzY3JpcHQlM0UlMEFqUXVlcnklMjhmdW5jdGlvbiUyOCUyOSU3QiUwQWpRdWVyeSUyOCUyNyUyM2hvbWUtYWN0aXZpdHktc2xpZGVyLXdyYXAlMjAlM0UlMjBkaXYlMjAlM0UlMjBkaXYlMjAlM0UlMjAud3BiX3dyYXBwZXIlMjclMjkuYWRkQ2xhc3MlMjglMjdvd2wtdGhlbWUlMjclMjkuYWRkQ2xhc3MlMjglMjdvd2wtY2Fyb3VzZWwlMjclMjkub3dsQ2Fyb3VzZWwlMjglN0IlMEFtYXJnaW4lM0ElMjA2MCUyQyUwQSUwOSUwOWl0ZW1zJTNBJTIwMyUyQyUwQWNlbnRlciUzQSUyMHRydWUlMkMlMEFhdXRvcGxheSUzQSUyMHRydWUlMkMlMEFhdXRvcGxheVNwZWVkJTNBJTIwMTAwMCUyQyUwQWF1dG9wbGF5SW50ZXJ2YWwlM0ElMjAzMDAwJTJDJTBBbmF2JTNBJTIwdHJ1ZSUyQyUwQWxvb3AlM0ElMjB0cnVlJTJDJTBBcmVzcG9uc2l2ZSUyMCUzQSUyMCUwQSU3QiUwQSUyMCUyMDAlMjAlM0ElMjAlN0IlMjBpdGVtcyUzQSUyMDElMkMlMjBjZW50ZXIlMjAlM0ElMjBmYWxzZSUyQyUyMG1hcmdpbiUzQTEwJTIwJTdEJTJDJTIwJTIwJTBBJTIwJTIwNDgwJTIwJTNBJTIwJTdCJTIwaXRlbXMlMjAlM0ElMjAyJTJDJTIwY2VudGVyJTIwJTNBJTIwZmFsc2UlMkMlMjBtYXJnaW4lM0E0MCUyMCU3RCUyQyUwQSUyMCUyMDEyNDAlMjAlM0ElMjAlN0IlMjBpdGVtcyUyMCUzQSUyMDMlMjAlN0QlMEElN0QlMEElMDklN0QlMjklMEElN0QlMjklM0IlMEElM0MlMkZzY3JpcHQlM0U=[\/vc_raw_html][\/vc_column][\/vc_row][vc_row el_class=&#8220;top-mar-4 bot-mar-2 cta-row&#8220;][vc_column][vc_btn title=&#8220;Voir tout&#8220; align=&#8220;center&#8220; link=&#8220;url:%2Fnos-activites%2F&#8220; el_class=&#8220;cta-btn cta-btn-white&#8220;][\/vc_column][\/vc_row][vc_row full_width=&#8220;stretch_row_content_no_spaces&#8220; disable_element=&#8220;yes&#8220; el_class=&#8220;skew-bot-row skew-bot-row-dark&#8220;][vc_column][\/vc_column][\/vc_row][\/vc_section][vc_section full_width=&#8220;stretch_row&#8220; css=&#8220;.vc_custom_1658752328355{padding-top: 0px !important;background-image: url(\/wp-content\/uploads\/2022\/07\/Mask-Group-171.jpg?id=678) !important;}&#8220;][vc_row full_width=&#8220;stretch_row_content_no_spaces&#8220; el_class=&#8220;skew-top-row skew-top-row-light&#8220;][vc_column][\/vc_column][\/vc_row][vc_row equal_height=&#8220;yes&#8220; content_placement=&#8220;middle&#8220; el_id=&#8220;ref-grid&#8220;][vc_column width=&#8220;1\/3&#8243;][vc_column_text el_class=&#8220;white&#8220;]<\/p>\n<h2 class=\"upper\">Referenzen<\/h2>\n<p>Entdecken Sie mehrere unserer Projekte, die das Know-how der Unternehmen der Gruppe widerspiegeln.[\/vc_column_text][vc_btn title=&#8220;Alle ansehen&#8220; align=&#8220;left&#8220; link=&#8220;url:%2Fde%2Freferenzen%2F|title:Referenzen&#8220; el_class=&#8220;cta-btn cta-btn-white mob-hide-767&#8243;][\/vc_column][vc_column width=&#8220;2\/3&#8243;][vc_basic_grid post_type=&#8220;post&#8220; max_items=&#8220;4&#8243; element_width=&#8220;6&#8243; item=&#8220;520&#8243; grid_id=&#8220;vc_gid:1658752662153-4d84d3c5-703a-4&#8243; taxonomies=&#8220;13&#8243;][\/vc_column][\/vc_row][vc_row el_class=&#8220;mob-block-767&#8243;][vc_column][vc_btn title=&#8220;Alle ansehen&#8220; align=&#8220;center&#8220; link=&#8220;url:%2Fde%2Freferenzen%2F|title:Referenzen&#8220; el_class=&#8220;cta-btn cta-btn-white&#8220;][\/vc_column][\/vc_row][vc_row full_width=&#8220;stretch_row_content_no_spaces&#8220; el_class=&#8220;skew-bot-row skew-bot-row-white&#8220;][vc_column][\/vc_column][\/vc_row][\/vc_section][vc_section][vc_row el_class=&#8220;top-mar-2 bot-mar-4&#8243;][vc_column][vc_column_text]<\/p>\n<h2 class=\"al-center upper\">Aktuelles<\/h2>\n<p>[\/vc_column_text][\/vc_column][\/vc_row][vc_row el_class=&#8220;actualite-grid&#8220;][vc_column][vc_basic_grid post_type=&#8220;post&#8220; max_items=&#8220;3&#8243; item=&#8220;604&#8243; grid_id=&#8220;vc_gid:1658752662154-44b5bdf3-4652-0&#8243; taxonomies=&#8220;9&#8243;][\/vc_column][\/vc_row][vc_row][vc_column][vc_btn title=&#8220;Alle News&#8220; align=&#8220;center&#8220; link=&#8220;url:%2Fde%2Faktuelles%2F|title:Aktuelles&#8220; el_class=&#8220;cta-btn&#8220;][\/vc_column][\/vc_row][\/vc_section]<\/p>\n","protected":false},"excerpt":{"rendered":"<p>[vc_section full_width=&#8220;stretch_row&#8220; el_id=&#8220;intro&#8220; css=&#8220;.vc_custom_1658751907997{background: #004488 url(\/wp-content\/uploads\/2022\/07\/Group-614-3.png?id=676) !important;}&#8220;][vc_row][vc_column width=&#8220;1\/2&#8243;][\/vc_column][vc_column width=&#8220;1\/2&#8243;][vc_column_text] SC France [\/vc_column_text][vc_column_text el_class=&#8220;dark-colored&#8220; css=&#8220;.vc_custom_1658751929399{margin-bottom: 0px !important;}&#8220;]Das Ingenieurb\u00fcro SC France hat sich auf den konstruktiven Ingenieurbau (Stahlbeton,<span class=\"excerpt-hellip\"> [\u2026]<\/span><\/p>\n","protected":false},"author":1,"featured_media":0,"parent":0,"menu_order":0,"comment_status":"closed","ping_status":"closed","template":"","meta":{"footnotes":""},"class_list":["post-683","page","type-page","status-publish","hentry"],"yoast_head":"<!-- This site is optimized with the Yoast SEO plugin v19.14 - https:\/\/yoast.com\/wordpress\/plugins\/seo\/ -->\n<title>SC France - Beratende Ingenieurb\u00fcro - Frankreich<\/title>\n<meta name=\"robots\" content=\"index, follow, max-snippet:-1, max-image-preview:large, max-video-preview:-1\" \/>\n<link rel=\"canonical\" href=\"https:\/\/sc-france.fr\/de\/\" \/>\n<meta property=\"og:locale\" content=\"de_DE\" \/>\n<meta property=\"og:type\" content=\"article\" \/>\n<meta property=\"og:title\" content=\"SC France - Beratende Ingenieurb\u00fcro - Frankreich\" \/>\n<meta property=\"og:description\" content=\"[vc_section full_width=&#8220;stretch_row&#8220; el_id=&#8220;intro&#8220; css=&#8220;.vc_custom_1658751907997{background: #004488 url(\/wp-content\/uploads\/2022\/07\/Group-614-3.png?id=676) !important;}&#8220;][vc_row][vc_column width=&#8220;1\/2&#8243;][\/vc_column][vc_column width=&#8220;1\/2&#8243;][vc_column_text] SC France [\/vc_column_text][vc_column_text el_class=&#8220;dark-colored&#8220; css=&#8220;.vc_custom_1658751929399{margin-bottom: 0px !important;}&#8220;]Das Ingenieurb\u00fcro SC France hat sich auf den konstruktiven Ingenieurbau (Stahlbeton, [\u2026]\" \/>\n<meta property=\"og:url\" content=\"https:\/\/sc-france.fr\/de\/\" \/>\n<meta property=\"og:site_name\" content=\"SC France\" \/>\n<meta property=\"article:modified_time\" content=\"2022-08-31T14:39:30+00:00\" \/>\n<meta name=\"twitter:card\" content=\"summary_large_image\" \/>\n<meta name=\"twitter:label1\" content=\"Gesch\u00e4tzte Lesezeit\" \/>\n\t<meta name=\"twitter:data1\" content=\"2\u00a0Minuten\" \/>\n<script type=\"application\/ld+json\" class=\"yoast-schema-graph\">{\"@context\":\"https:\/\/schema.org\",\"@graph\":[{\"@type\":\"WebPage\",\"@id\":\"https:\/\/sc-france.fr\/de\/\",\"url\":\"https:\/\/sc-france.fr\/de\/\",\"name\":\"SC France - Beratende Ingenieurb\u00fcro - Frankreich\",\"isPartOf\":{\"@id\":\"https:\/\/sc-france.fr\/#website\"},\"datePublished\":\"2022-07-19T11:22:38+00:00\",\"dateModified\":\"2022-08-31T14:39:30+00:00\",\"breadcrumb\":{\"@id\":\"https:\/\/sc-france.fr\/de\/#breadcrumb\"},\"inLanguage\":\"de\",\"potentialAction\":[{\"@type\":\"ReadAction\",\"target\":[\"https:\/\/sc-france.fr\/de\/\"]}]},{\"@type\":\"BreadcrumbList\",\"@id\":\"https:\/\/sc-france.fr\/de\/#breadcrumb\",\"itemListElement\":[{\"@type\":\"ListItem\",\"position\":1,\"name\":\"Home\",\"item\":\"https:\/\/sc-france.fr\/de\/\"},{\"@type\":\"ListItem\",\"position\":2,\"name\":\"Home\"}]},{\"@type\":\"WebSite\",\"@id\":\"https:\/\/sc-france.fr\/#website\",\"url\":\"https:\/\/sc-france.fr\/\",\"name\":\"SC France\",\"description\":\"Un site utilisant WordPress\",\"inLanguage\":\"de\"}]}<\/script>\n<!-- \/ Yoast SEO plugin. -->","yoast_head_json":{"title":"SC France - Beratende Ingenieurb\u00fcro - Frankreich","robots":{"index":"index","follow":"follow","max-snippet":"max-snippet:-1","max-image-preview":"max-image-preview:large","max-video-preview":"max-video-preview:-1"},"canonical":"https:\/\/sc-france.fr\/de\/","og_locale":"de_DE","og_type":"article","og_title":"SC France - Beratende Ingenieurb\u00fcro - Frankreich","og_description":"[vc_section full_width=&#8220;stretch_row&#8220; el_id=&#8220;intro&#8220; css=&#8220;.vc_custom_1658751907997{background: #004488 url(\/wp-content\/uploads\/2022\/07\/Group-614-3.png?id=676) !important;}&#8220;][vc_row][vc_column width=&#8220;1\/2&#8243;][\/vc_column][vc_column width=&#8220;1\/2&#8243;][vc_column_text] SC France [\/vc_column_text][vc_column_text el_class=&#8220;dark-colored&#8220; css=&#8220;.vc_custom_1658751929399{margin-bottom: 0px !important;}&#8220;]Das Ingenieurb\u00fcro SC France hat sich auf den konstruktiven Ingenieurbau (Stahlbeton, [\u2026]","og_url":"https:\/\/sc-france.fr\/de\/","og_site_name":"SC France","article_modified_time":"2022-08-31T14:39:30+00:00","twitter_card":"summary_large_image","twitter_misc":{"Gesch\u00e4tzte Lesezeit":"2\u00a0Minuten"},"schema":{"@context":"https:\/\/schema.org","@graph":[{"@type":"WebPage","@id":"https:\/\/sc-france.fr\/de\/","url":"https:\/\/sc-france.fr\/de\/","name":"SC France - Beratende Ingenieurb\u00fcro - Frankreich","isPartOf":{"@id":"https:\/\/sc-france.fr\/#website"},"datePublished":"2022-07-19T11:22:38+00:00","dateModified":"2022-08-31T14:39:30+00:00","breadcrumb":{"@id":"https:\/\/sc-france.fr\/de\/#breadcrumb"},"inLanguage":"de","potentialAction":[{"@type":"ReadAction","target":["https:\/\/sc-france.fr\/de\/"]}]},{"@type":"BreadcrumbList","@id":"https:\/\/sc-france.fr\/de\/#breadcrumb","itemListElement":[{"@type":"ListItem","position":1,"name":"Home","item":"https:\/\/sc-france.fr\/de\/"},{"@type":"ListItem","position":2,"name":"Home"}]},{"@type":"WebSite","@id":"https:\/\/sc-france.fr\/#website","url":"https:\/\/sc-france.fr\/","name":"SC France","description":"Un site utilisant WordPress","inLanguage":"de"}]}},"_links":{"self":[{"href":"https:\/\/sc-france.fr\/de\/wp-json\/wp\/v2\/pages\/683","targetHints":{"allow":["GET"]}}],"collection":[{"href":"https:\/\/sc-france.fr\/de\/wp-json\/wp\/v2\/pages"}],"about":[{"href":"https:\/\/sc-france.fr\/de\/wp-json\/wp\/v2\/types\/page"}],"author":[{"embeddable":true,"href":"https:\/\/sc-france.fr\/de\/wp-json\/wp\/v2\/users\/1"}],"replies":[{"embeddable":true,"href":"https:\/\/sc-france.fr\/de\/wp-json\/wp\/v2\/comments?post=683"}],"version-history":[{"count":6,"href":"https:\/\/sc-france.fr\/de\/wp-json\/wp\/v2\/pages\/683\/revisions"}],"predecessor-version":[{"id":725,"href":"https:\/\/sc-france.fr\/de\/wp-json\/wp\/v2\/pages\/683\/revisions\/725"}],"wp:attachment":[{"href":"https:\/\/sc-france.fr\/de\/wp-json\/wp\/v2\/media?parent=683"}],"curies":[{"name":"wp","href":"https:\/\/api.w.org\/{rel}","templated":true}]}}